{"id":18135,"date":"2025-07-25T17:04:18","date_gmt":"2025-07-25T17:04:18","guid":{"rendered":"https:\/\/www.autobullesbach.com\/?page_id=18135"},"modified":"2026-01-04T01:01:35","modified_gmt":"2026-01-04T01:01:35","slug":"o-nama","status":"publish","type":"page","link":"https:\/\/www.autobullesbach.com\/de\/o-nama\/","title":{"rendered":"\u00dcBER UNS"},"content":{"rendered":"<div data-elementor-type=\"wp-page\" data-elementor-id=\"18135\" class=\"elementor elementor-18135\" data-elementor-post-type=\"page\">\n\t\t\t\t<div data-particle_enable=\"false\" data-particle-mobile-disabled=\"false\" class=\"elementor-element elementor-element-b05fc66 e-flex e-con-boxed e-con e-parent\" data-id=\"b05fc66\" data-element_type=\"container\">\n\t\t\t\t\t<div class=\"e-con-inner\">\n\t\t\t\t<div class=\"elementor-element elementor-element-0730c1a elementor-widget elementor-widget-eael-content-timeline\" data-id=\"0730c1a\" data-element_type=\"widget\" data-widget_type=\"eael-content-timeline.default\">\n\t\t\t\t\t\t\t<div id=\"eael-content-timeline-0730c1a\" class=\"content-timeline-layout-center date-position- horizontal-timeline-wrapper\" data-slide_to_scroll=\"{&quot;desktop&quot;:1,&quot;mobile&quot;:1,&quot;mobile_extra&quot;:1,&quot;tablet&quot;:1,&quot;tablet_extra&quot;:1,&quot;laptop&quot;:1,&quot;widescreen&quot;:1}\">\n\t\t\t<div class=\"eael-content-timeline-container\">\n\t\t\t\t<div class=\"eael-content-timeline-container\">\n\t\t\t\t\t\t\t\t\t\t\t\t\t\t\t\t\t\t\t\t\t\t\t<div class=\"eael-content-timeline-block\">\n    <div class=\"eael-content-timeline-line\">\n        <div class=\"eael-content-timeline-inner\"><\/div>\n    <\/div>\n    <div class=\"eael-content-timeline-img eael-picture\"><svg class=\"e-font-icon-svg e-fas-rocket\" viewbox=\"0 0 512 512\" xmlns=\"http:\/\/www.w3.org\/2000\/svg\"><path d=\"M505.12019,19.09375c-1.18945-5.53125-6.65819-11-12.207-12.1875C460.716,0,435.507,0,410.40747,0,307.17523,0,245.26909,55.20312,199.05238,128H94.83772c-16.34763.01562-35.55658,11.875-42.88664,26.48438L2.51562,253.29688A28.4,28.4,0,0,0,0,264a24.00867,24.00867,0,0,0,24.00582,24H127.81618l-22.47457,22.46875c-11.36521,11.36133-12.99607,32.25781,0,45.25L156.24582,406.625c11.15623,11.1875,32.15619,13.15625,45.27726,0l22.47457-22.46875V488a24.00867,24.00867,0,0,0,24.00581,24,28.55934,28.55934,0,0,0,10.707-2.51562l98.72834-49.39063c14.62888-7.29687,26.50776-26.5,26.50776-42.85937V312.79688c72.59753-46.3125,128.03493-108.40626,128.03493-211.09376C512.07526,76.5,512.07526,51.29688,505.12019,19.09375ZM384.04033,168A40,40,0,1,1,424.05,128,40.02322,40.02322,0,0,1,384.04033,168Z\"><\/path><\/svg><\/div><div class=\"eael-content-timeline-content\"><h2 class=\"eael-timeline-title\">Gr\u00fcndung <\/h2><div class=\"eael-timeline-excerpt\"><p>Das Unternehmen Auto-Bullesbach wurde am 18.08.1995 gegr\u00fcndet.<br \/><img decoding=\"async\" src=\"https:\/\/www.autobullesbach.com\/wp-content\/uploads\/2025\/08\/3.png\" alt=\"..\" \/><\/p><\/div><span class=\"eael-date\">18.08.1995.<\/span><\/div><\/div>\t\t\t\t\t\t\t\t\t\t\t\t\t\t\t\t\t\t<div class=\"eael-content-timeline-block\">\n    <div class=\"eael-content-timeline-line\">\n        <div class=\"eael-content-timeline-inner\"><\/div>\n    <\/div>\n    <div class=\"eael-content-timeline-img eael-picture\"><svg class=\"e-font-icon-svg e-fas-users-cog\" viewbox=\"0 0 640 512\" xmlns=\"http:\/\/www.w3.org\/2000\/svg\"><path d=\"M610.5 341.3c2.6-14.1 2.6-28.5 0-42.6l25.8-14.9c3-1.7 4.3-5.2 3.3-8.5-6.7-21.6-18.2-41.2-33.2-57.4-2.3-2.5-6-3.1-9-1.4l-25.8 14.9c-10.9-9.3-23.4-16.5-36.9-21.3v-29.8c0-3.4-2.4-6.4-5.7-7.1-22.3-5-45-4.8-66.2 0-3.3.7-5.7 3.7-5.7 7.1v29.8c-13.5 4.8-26 12-36.9 21.3l-25.8-14.9c-2.9-1.7-6.7-1.1-9 1.4-15 16.2-26.5 35.8-33.2 57.4-1 3.3.4 6.8 3.3 8.5l25.8 14.9c-2.6 14.1-2.6 28.5 0 42.6l-25.8 14.9c-3 1.7-4.3 5.2-3.3 8.5 6.7 21.6 18.2 41.1 33.2 57.4 2.3 2.5 6 3.1 9 1.4l25.8-14.9c10.9 9.3 23.4 16.5 36.9 21.3v29.8c0 3.4 2.4 6.4 5.7 7.1 22.3 5 45 4.8 66.2 0 3.3-.7 5.7-3.7 5.7-7.1v-29.8c13.5-4.8 26-12 36.9-21.3l25.8 14.9c2.9 1.7 6.7 1.1 9-1.4 15-16.2 26.5-35.8 33.2-57.4 1-3.3-.4-6.8-3.3-8.5l-25.8-14.9zM496 368.5c-26.8 0-48.5-21.8-48.5-48.5s21.8-48.5 48.5-48.5 48.5 21.8 48.5 48.5-21.7 48.5-48.5 48.5zM96 224c35.3 0 64-28.7 64-64s-28.7-64-64-64-64 28.7-64 64 28.7 64 64 64zm224 32c1.9 0 3.7-.5 5.6-.6 8.3-21.7 20.5-42.1 36.3-59.2 7.4-8 17.9-12.6 28.9-12.6 6.9 0 13.7 1.8 19.6 5.3l7.9 4.6c.8-.5 1.6-.9 2.4-1.4 7-14.6 11.2-30.8 11.2-48 0-61.9-50.1-112-112-112S208 82.1 208 144c0 61.9 50.1 112 112 112zm105.2 194.5c-2.3-1.2-4.6-2.6-6.8-3.9-8.2 4.8-15.3 9.8-27.5 9.8-10.9 0-21.4-4.6-28.9-12.6-18.3-19.8-32.3-43.9-40.2-69.6-10.7-34.5 24.9-49.7 25.8-50.3-.1-2.6-.1-5.2 0-7.8l-7.9-4.6c-3.8-2.2-7-5-9.8-8.1-3.3.2-6.5.6-9.8.6-24.6 0-47.6-6-68.5-16h-8.3C179.6 288 128 339.6 128 403.2V432c0 26.5 21.5 48 48 48h255.4c-3.7-6-6.2-12.8-6.2-20.3v-9.2zM173.1 274.6C161.5 263.1 145.6 256 128 256H64c-35.3 0-64 28.7-64 64v32c0 17.7 14.3 32 32 32h65.9c6.3-47.4 34.9-87.3 75.2-109.4z\"><\/path><\/svg><\/div><div class=\"eael-content-timeline-content\"><h2 class=\"eael-timeline-title\"><a href=\"https:\/\/www.autobullesbach.com\/de\/izvanredni-transport\/\">Was wir bieten?<\/a><\/h2><div class=\"eael-timeline-excerpt\"><p>Auto - Bullesbach je posve\u0107en rje\u0161enjima usmjerena na kupca, na jednom mjestu za sve logisti\u010dke potrebe. Na\u0161a tvrtka nudi usluge izvanrednog prijevoza. Uz prijevoz nudimo i pratnje za izvanredne prijevoze i isho\u0111enje dozvola.<br \/><img decoding=\"async\" src=\"https:\/\/www.autobullesbach.com\/wp-content\/uploads\/2025\/08\/444f5c9d-0da3-4b0e-8da7-ce28e9ec82da.jpeg\" alt=\".\" \/><\/p><\/div><a href=\"https:\/\/www.autobullesbach.com\/de\/izvanredni-transport\/\" class=\"eael-read-more\">\u010citaj vi\u0161e o uslugama<\/a><span class=\"eael-date\">Dienstleistungen<\/span><\/div><\/div>\t\t\t\t\t\t\t\t\t\t\t\t\t\t\t\t\t\t<div class=\"eael-content-timeline-block\">\n    <div class=\"eael-content-timeline-line\">\n        <div class=\"eael-content-timeline-inner\"><\/div>\n    <\/div>\n    <div class=\"eael-content-timeline-img eael-picture\"><svg class=\"e-font-icon-svg e-far-handshake\" viewbox=\"0 0 640 512\" xmlns=\"http:\/\/www.w3.org\/2000\/svg\"><path d=\"M519.2 127.9l-47.6-47.6A56.252 56.252 0 0 0 432 64H205.2c-14.8 0-29.1 5.9-39.6 16.3L118 127.9H0v255.7h64c17.6 0 31.8-14.2 31.9-31.7h9.1l84.6 76.4c30.9 25.1 73.8 25.7 105.6 3.8 12.5 10.8 26 15.9 41.1 15.9 18.2 0 35.3-7.4 48.8-24 22.1 8.7 48.2 2.6 64-16.8l26.2-32.3c5.6-6.9 9.1-14.8 10.9-23h57.9c.1 17.5 14.4 31.7 31.9 31.7h64V127.9H519.2zM48 351.6c-8.8 0-16-7.2-16-16s7.2-16 16-16 16 7.2 16 16c0 8.9-7.2 16-16 16zm390-6.9l-26.1 32.2c-2.8 3.4-7.8 4-11.3 1.2l-23.9-19.4-30 36.5c-6 7.3-15 4.8-18 2.4l-36.8-31.5-15.6 19.2c-13.9 17.1-39.2 19.7-55.3 6.6l-97.3-88H96V175.8h41.9l61.7-61.6c2-.8 3.7-1.5 5.7-2.3H262l-38.7 35.5c-29.4 26.9-31.1 72.3-4.4 101.3 14.8 16.2 61.2 41.2 101.5 4.4l8.2-7.5 108.2 87.8c3.4 2.8 3.9 7.9 1.2 11.3zm106-40.8h-69.2c-2.3-2.8-4.9-5.4-7.7-7.7l-102.7-83.4 12.5-11.4c6.5-6 7-16.1 1-22.6L367 167.1c-6-6.5-16.1-6.9-22.6-1l-55.2 50.6c-9.5 8.7-25.7 9.4-34.6 0-9.3-9.9-8.5-25.1 1.2-33.9l65.6-60.1c7.4-6.8 17-10.5 27-10.5l83.7-.2c2.1 0 4.1.8 5.5 2.3l61.7 61.6H544v128zm48 47.7c-8.8 0-16-7.2-16-16s7.2-16 16-16 16 7.2 16 16c0 8.9-7.2 16-16 16z\"><\/path><\/svg><\/div><div class=\"eael-content-timeline-content\"><h2 class=\"eael-timeline-title\"><a href=\"https:\/\/www.autobullesbach.com\/de\/galerija\/\">Warum wir?<\/a><\/h2><div class=\"eael-timeline-excerpt\"><p>Na\u0161a tvrtka nudi potpunu podr\u0161ku u prijevozu \u2013 od regionalne do me\u0111unarodne pokrivenosti. Brinemo se da roba stigne brzo i pouzdano, bez obzira na odredi\u0161te. Specijalizirani smo za izvanredni prijevoz, a uz to pru\u017eamo kompletnu uslugu organizacije dozvola i pratnje, \u0161to nas \u010dini sigurnim partnerom u logistici.<br \/><img decoding=\"async\" src=\"https:\/\/www.autobullesbach.com\/wp-content\/uploads\/2025\/08\/7.png\" alt=\".\" \/><\/p><\/div><a href=\"https:\/\/www.autobullesbach.com\/de\/galerija\/\" class=\"eael-read-more\">Pogledaj galeriju<\/a><span class=\"eael-date\">Vorteile unserer Dienstleistungen<\/span><\/div><\/div>\t\t\t\t\t\t\t\t\t\t\t\t\t\t\t\t\t\t<div class=\"eael-content-timeline-block\">\n    <div class=\"eael-content-timeline-line\">\n        <div class=\"eael-content-timeline-inner\"><\/div>\n    <\/div>\n    <div class=\"eael-content-timeline-img eael-picture\"><svg class=\"e-font-icon-svg e-fas-truck\" viewbox=\"0 0 640 512\" xmlns=\"http:\/\/www.w3.org\/2000\/svg\"><path d=\"M624 352h-16V243.9c0-12.7-5.1-24.9-14.1-33.9L494 110.1c-9-9-21.2-14.1-33.9-14.1H416V48c0-26.5-21.5-48-48-48H48C21.5 0 0 21.5 0 48v320c0 26.5 21.5 48 48 48h16c0 53 43 96 96 96s96-43 96-96h128c0 53 43 96 96 96s96-43 96-96h48c8.8 0 16-7.2 16-16v-32c0-8.8-7.2-16-16-16zM160 464c-26.5 0-48-21.5-48-48s21.5-48 48-48 48 21.5 48 48-21.5 48-48 48zm320 0c-26.5 0-48-21.5-48-48s21.5-48 48-48 48 21.5 48 48-21.5 48-48 48zm80-208H416V144h44.1l99.9 99.9V256z\"><\/path><\/svg><\/div><div class=\"eael-content-timeline-content\"><h2 class=\"eael-timeline-title\"><a href=\"https:\/\/www.autobullesbach.com\/de\/izvanredni-transport\/#prik\">Was wir haben?<\/a><\/h2><div class=\"eael-timeline-excerpt\"><p>Na\u0161a flota poluprikolica obuhva\u0107a \u0161irok spektar opreme za specijalizirani transport. Raspola\u017eemo modernim labudicama i niskopodnim poluprikolicama koje su prilago\u0111ene za siguran i u\u010dinkovit prijevoz izvanrednih i te\u0161kih tereta.<\/p><p>Bez obzira radi li se o regionalnim, europskim ili me\u0111unarodnim relacijama, na\u0161a flota jam\u010di pouzdanost, sigurnost i fleksibilnost. Zahvaljuju\u0107i prilago\u0111enoj opremi, mo\u017eemo odgovoriti na razli\u010dite logisti\u010dke izazove i pru\u017eiti optimalna rje\u0161enja za svaki transport.<\/p><p><img decoding=\"async\" src=\"https:\/\/www.autobullesbach.com\/wp-content\/uploads\/2025\/08\/4.png\" alt=\".\" \/><\/p><\/div><a href=\"https:\/\/www.autobullesbach.com\/de\/izvanredni-transport\/#prik\" class=\"eael-read-more\">Pogledaj flotu poluprikolica<\/a><span class=\"eael-date\">Fuhrpark<\/span><\/div><\/div>\t\t\t\t\t\t\t\t\t\t\t\t\t\t\t\t\t\t<div class=\"eael-content-timeline-block\">\n    <div class=\"eael-content-timeline-line\">\n        <div class=\"eael-content-timeline-inner\"><\/div>\n    <\/div>\n    <div class=\"eael-content-timeline-img eael-picture\"><svg class=\"e-font-icon-svg e-fas-location-arrow\" viewbox=\"0 0 512 512\" xmlns=\"http:\/\/www.w3.org\/2000\/svg\"><path d=\"M444.52 3.52L28.74 195.42c-47.97 22.39-31.98 92.75 19.19 92.75h175.91v175.91c0 51.17 70.36 67.17 92.75 19.19l191.9-415.78c15.99-38.39-25.59-79.97-63.97-63.97z\"><\/path><\/svg><\/div><div class=\"eael-content-timeline-content\"><h2 class=\"eael-timeline-title\"><a href=\"https:\/\/www.autobullesbach.com\/de\/kontakt\/\">Wo befinden wir uns?<\/a><\/h2><div class=\"eael-timeline-excerpt\"><h4>Hrvatska<\/h4><h5>Slavonski Brod, Vladimira Nazora 214, 35250<\/h5><p><iframe style=\"border: 0\" src=\"https:\/\/www.google.com\/maps?q=Vladimira+Nazora+214+35250+Slavonski+Brod+Croatia&amp;z=16&amp;output=embed\" width=\"600\" height=\"300\"><span style=\"width: 0px;overflow: hidden;line-height: 0\" class=\"mce_SELRES_start\"><\/span><br \/><\/iframe><\/p><\/div><a href=\"https:\/\/www.autobullesbach.com\/de\/kontakt\/\" class=\"eael-read-more\">Kontakt<\/a><span class=\"eael-date\">Standort<\/span><\/div><\/div>\t\t\t\t<\/div>\n\t\t\t<\/div>\n\t\t<\/div>\n\t\t\t\t\t<\/div>\n\t\t\t\t\t<\/div>\n\t\t\t\t<\/div>\n\t\t<div data-particle_enable=\"false\" data-particle-mobile-disabled=\"false\" class=\"elementor-element elementor-element-61072a3 e-flex e-con-boxed e-con e-parent\" data-id=\"61072a3\" data-element_type=\"container\">\n\t\t\t\t\t<div class=\"e-con-inner\">\n\t\t\t\t<div class=\"elementor-element elementor-element-8c5eb87 elementor-widget elementor-widget-pix-sliding-text\" data-id=\"8c5eb87\" data-element_type=\"widget\" data-widget_type=\"pix-sliding-text.default\">\n\t\t\t\t<div class=\"elementor-widget-container\">\n\t\t\t\t\t<div id=\"el-8c5eb87\" class=\"mb-3 text-center\"><h1 class=\"mb-32 pix-sliding-headline-2 animate-in font-weight-bold body-font\" data-anim-type=\"pix-sliding-text\" pix-anim-delay=\"500\" data-class=\"body-font text-black\" style=\"\"><span class=\"slide-in-container\"><span class=\"pix-sliding-item body-font text-black\" style=\"transition-delay: 0ms;\">Unsere<\/span><\/span> <span class=\"slide-in-container\"><span class=\"pix-sliding-item body-font text-black\" style=\"transition-delay: 150ms;\">Partner<\/span><\/span> <\/h1><\/div>\t\t\t\t<\/div>\n\t\t\t\t<\/div>\n\t\t\t\t\t<\/div>\n\t\t\t\t<\/div>\n\t\t<div data-particle_enable=\"false\" data-particle-mobile-disabled=\"false\" class=\"elementor-element elementor-element-48c0fca e-flex e-con-boxed e-con e-parent\" data-id=\"48c0fca\" data-element_type=\"container\">\n\t\t\t\t\t<div class=\"e-con-inner\">\n\t\t\t\t<div class=\"elementor-element elementor-element-3c90a3d elementor-invisible elementor-widget elementor-widget-pix-clients\" data-id=\"3c90a3d\" data-element_type=\"widget\" data-widget_type=\"pix-clients.default\">\n\t\t\t\t<div class=\"elementor-widget-container\">\n\t\t\t\t\t<div class=\"clients row\"><div class=\"d-none d-md-block clearfix w-100 col-12\"><\/div><div class=\"col-md col-6 -5  text-center d-inline-block2 d-inline-flex client shadow-hover-lg rounded-xl\"><div class=\"py-3 d-inline-block align-self-center w-100\" title=\"\"><img fetchpriority=\"high\" decoding=\"async\" src=\"https:\/\/www.autobullesbach.com\/wp-content\/uploads\/2025\/07\/siemens.webp\" srcset=\"https:\/\/www.autobullesbach.com\/wp-content\/uploads\/2025\/07\/siemens-300x300.webp 300w, https:\/\/www.autobullesbach.com\/wp-content\/uploads\/2025\/07\/siemens-150x150.webp 150w, https:\/\/www.autobullesbach.com\/wp-content\/uploads\/2025\/07\/siemens-75x75.webp 75w, https:\/\/www.autobullesbach.com\/wp-content\/uploads\/2025\/07\/siemens-460x460.webp 460w, https:\/\/www.autobullesbach.com\/wp-content\/uploads\/2025\/07\/siemens.webp 512w\" sizes=\"(max-width: 512px) 100vw, 512px\" width=\"512\" height=\"512\" class=\"animate-in\" alt=\"\" data-anim-type=\"pix-3d-up-in-big\" data-anim-delay=\"0\"><\/div><\/div><div class=\"col-md col-6 -5  text-center d-inline-block2 d-inline-flex client shadow-hover-lg rounded-xl\"><div class=\"py-3 d-inline-block align-self-center w-100\" title=\"\"><img decoding=\"async\" src=\"https:\/\/www.autobullesbach.com\/wp-content\/uploads\/2025\/07\/cat-logo-png-transparent.png\" srcset=\"https:\/\/www.autobullesbach.com\/wp-content\/uploads\/2025\/07\/cat-logo-png-transparent-300x160.png 300w, https:\/\/www.autobullesbach.com\/wp-content\/uploads\/2025\/07\/cat-logo-png-transparent-1024x546.png 1024w, https:\/\/www.autobullesbach.com\/wp-content\/uploads\/2025\/07\/cat-logo-png-transparent-768x410.png 768w, https:\/\/www.autobullesbach.com\/wp-content\/uploads\/2025\/07\/cat-logo-png-transparent-1536x819.png 1536w, https:\/\/www.autobullesbach.com\/wp-content\/uploads\/2025\/07\/cat-logo-png-transparent-2048x1092.png 2048w\" sizes=\"(max-width: 2400px) 100vw, 2400px\" width=\"2400\" height=\"1280\" class=\"animate-in\" alt=\"\" data-anim-type=\"pix-3d-up-in-big\" data-anim-delay=\"200\"><\/div><\/div><div class=\"col-md col-6 -5  text-center d-inline-block2 d-inline-flex client shadow-hover-lg rounded-xl\"><div class=\"py-3 d-inline-block align-self-center w-100\" title=\"\"><img decoding=\"async\" src=\"https:\/\/www.autobullesbach.com\/wp-content\/uploads\/2025\/07\/faymonville-1.png\" srcset=\"https:\/\/www.autobullesbach.com\/wp-content\/uploads\/2025\/07\/faymonville-1-300x300.png 300w, https:\/\/www.autobullesbach.com\/wp-content\/uploads\/2025\/07\/faymonville-1-1024x1024.png 1024w, https:\/\/www.autobullesbach.com\/wp-content\/uploads\/2025\/07\/faymonville-1-150x150.png 150w, https:\/\/www.autobullesbach.com\/wp-content\/uploads\/2025\/07\/faymonville-1-768x768.png 768w, https:\/\/www.autobullesbach.com\/wp-content\/uploads\/2025\/07\/faymonville-1-1536x1536.png 1536w, https:\/\/www.autobullesbach.com\/wp-content\/uploads\/2025\/07\/faymonville-1-2048x2048.png 2048w, https:\/\/www.autobullesbach.com\/wp-content\/uploads\/2025\/07\/faymonville-1-75x75.png 75w, https:\/\/www.autobullesbach.com\/wp-content\/uploads\/2025\/07\/faymonville-1-460x460.png 460w\" sizes=\"(max-width: 2400px) 100vw, 2400px\" width=\"2400\" height=\"2400\" class=\"animate-in\" alt=\"\" data-anim-type=\"pix-3d-up-in-big\" data-anim-delay=\"400\"><\/div><\/div><div class=\"col-md col-6 -5  text-center d-inline-block2 d-inline-flex client shadow-hover-lg rounded-xl\"><div class=\"py-3 d-inline-block align-self-center w-100\" title=\"\"><img loading=\"lazy\" decoding=\"async\" src=\"https:\/\/www.autobullesbach.com\/wp-content\/uploads\/2025\/07\/Goldhofer.png\" srcset=\"https:\/\/www.autobullesbach.com\/wp-content\/uploads\/2025\/07\/Goldhofer-300x60.png 300w, https:\/\/www.autobullesbach.com\/wp-content\/uploads\/2025\/07\/Goldhofer-1024x205.png 1024w, https:\/\/www.autobullesbach.com\/wp-content\/uploads\/2025\/07\/Goldhofer-768x154.png 768w, https:\/\/www.autobullesbach.com\/wp-content\/uploads\/2025\/07\/Goldhofer.png 1200w\" sizes=\"(max-width: 1200px) 100vw, 1200px\" width=\"1200\" height=\"240\" class=\"animate-in\" alt=\"\" data-anim-type=\"pix-3d-up-in-big\" data-anim-delay=\"600\"><\/div><\/div><div class=\"col-md col-6 -5  text-center d-inline-block2 d-inline-flex client shadow-hover-lg rounded-xl\"><div class=\"py-3 d-inline-block align-self-center w-100\" title=\"\"><img loading=\"lazy\" decoding=\"async\" src=\"https:\/\/www.autobullesbach.com\/wp-content\/uploads\/2025\/07\/John_Deere.png\" srcset=\"https:\/\/www.autobullesbach.com\/wp-content\/uploads\/2025\/07\/John_Deere-300x200.png 300w, https:\/\/www.autobullesbach.com\/wp-content\/uploads\/2025\/07\/John_Deere-1024x681.png 1024w, https:\/\/www.autobullesbach.com\/wp-content\/uploads\/2025\/07\/John_Deere-768x511.png 768w, https:\/\/www.autobullesbach.com\/wp-content\/uploads\/2025\/07\/John_Deere.png 1200w\" sizes=\"(max-width: 1200px) 100vw, 1200px\" width=\"1200\" height=\"798\" class=\"animate-in\" alt=\"\" data-anim-type=\"pix-3d-up-in-big\" data-anim-delay=\"800\"><\/div><\/div><\/div>\n\t\t\t\t<\/div>\n\t\t\t\t<\/div>\n\t\t\t\t\t<\/div>\n\t\t\t\t<\/div>\n\t\t<div data-particle_enable=\"false\" data-particle-mobile-disabled=\"false\" class=\"elementor-element elementor-element-72062989 e-flex e-con-boxed e-con e-parent\" data-id=\"72062989\" data-element_type=\"container\" data-settings=\"{&quot;background_background&quot;:&quot;video&quot;,&quot;background_video_link&quot;:&quot;https:\\\/\\\/www.autobullesbach.com\\\/wp-content\\\/uploads\\\/2025\\\/07\\\/dji_fly_20250308_083924_120_1741801011777_video.mp4&quot;,&quot;background_play_on_mobile&quot;:&quot;yes&quot;}\">\n\t\t\t\t\t<div class=\"e-con-inner\">\n\t\t<div class=\"elementor-background-video-container\" aria-hidden=\"true\">\n\t\t\t\t\t\t\t<video class=\"elementor-background-video-hosted\" autoplay muted playsinline loop><\/video>\n\t\t\t\t\t<\/div>\t\t<div class=\"elementor-element elementor-element-5c626dfd elementor-widget elementor-widget-pix-sliding-text\" data-id=\"5c626dfd\" data-element_type=\"widget\" data-widget_type=\"pix-sliding-text.default\">\n\t\t\t\t<div class=\"elementor-widget-container\">\n\t\t\t\t\t<div id=\"el-5c626dfd\" class=\"mb-3 text-center\"><h1 class=\"mb-32 pix-sliding-headline-2 animate-in font-weight-bold body-font\" data-anim-type=\"pix-sliding-text\" pix-anim-delay=\"500\" data-class=\"body-font text-white\" style=\"\"><span class=\"slide-in-container\"><span class=\"pix-sliding-item body-font text-white\" style=\"transition-delay: 0ms;\">ANFRAGE<\/span><\/span> <span class=\"slide-in-container\"><span class=\"pix-sliding-item body-font text-white\" style=\"transition-delay: 150ms;\">F\u00dcR<\/span><\/span> <span class=\"slide-in-container\"><span class=\"pix-sliding-item body-font text-white\" style=\"transition-delay: 300ms;\">TRANSPORT&#32;<\/span><\/span> <\/h1><\/div>\t\t\t\t<\/div>\n\t\t\t\t<\/div>\n\t\t\t\t<div class=\"elementor-element elementor-element-209fc28a elementor-widget elementor-widget-heading\" data-id=\"209fc28a\" data-element_type=\"widget\" data-widget_type=\"heading.default\">\n\t\t\t\t\t<h2 class=\"elementor-heading-title elementor-size-default\">Kontaktieren Sie uns noch heute!<\/h2>\t\t\t\t<\/div>\n\t\t\t\t<div class=\"elementor-element elementor-element-6e954310 elementor-widget elementor-widget-pix-button\" data-id=\"6e954310\" data-element_type=\"widget\" data-widget_type=\"pix-button.default\">\n\t\t\t\t<div class=\"elementor-widget-container\">\n\t\t\t\t\t<a  href=\"https:\/\/www.autobullesbach.com\/de\/kontakt\/\" class=\"btn m-0      btn-primary d-inline-flex align-items-center      btn-md\"     ><span class=\"font-weight-bold\" >Anfrage senden<\/span><\/a>\t\t\t\t<\/div>\n\t\t\t\t<\/div>\n\t\t\t\t\t<\/div>\n\t\t\t\t<\/div>\n\t\t\t\t<\/div>","protected":false},"excerpt":{"rendered":"<p>Osnivanje Auto &#8211; Bullesbach tvrtka je osnovana 18.08.1995. godine 18.08.1995. \u0160ta nudimo ? Auto &#8211; Bullesbach je posve\u0107en rje\u0161enjima usmjerena na kupca, na jednom mjestu za sve logisti\u010dke potrebe. Na\u0161a tvrtka nudi usluge izvanrednog prijevoza. Uz prijevoz nudimo i pratnje&#8230;<\/p>","protected":false},"author":1,"featured_media":0,"parent":0,"menu_order":0,"comment_status":"closed","ping_status":"closed","template":"","meta":{"slim_seo":{"title":"O NAMA - X-Optimist","description":"Osnivanje Auto - Bullesbach tvrtka je osnovana 18.08.1995. godine 18.08.1995. \u0160ta nudimo ? Auto - Bullesbach je posve\u0107en rje\u0161enjima usmjerena na kupca, na jedno"},"footnotes":""},"class_list":["post-18135","page","type-page","status-publish","hentry"],"_links":{"self":[{"href":"https:\/\/www.autobullesbach.com\/de\/wp-json\/wp\/v2\/pages\/18135","targetHints":{"allow":["GET"]}}],"collection":[{"href":"https:\/\/www.autobullesbach.com\/de\/wp-json\/wp\/v2\/pages"}],"about":[{"href":"https:\/\/www.autobullesbach.com\/de\/wp-json\/wp\/v2\/types\/page"}],"author":[{"embeddable":true,"href":"https:\/\/www.autobullesbach.com\/de\/wp-json\/wp\/v2\/users\/1"}],"replies":[{"embeddable":true,"href":"https:\/\/www.autobullesbach.com\/de\/wp-json\/wp\/v2\/comments?post=18135"}],"version-history":[{"count":0,"href":"https:\/\/www.autobullesbach.com\/de\/wp-json\/wp\/v2\/pages\/18135\/revisions"}],"wp:attachment":[{"href":"https:\/\/www.autobullesbach.com\/de\/wp-json\/wp\/v2\/media?parent=18135"}],"curies":[{"name":"wp","href":"https:\/\/api.w.org\/{rel}","templated":true}]}}