{"id":18351,"date":"2025-07-25T20:51:13","date_gmt":"2025-07-25T20:51:13","guid":{"rendered":"https:\/\/www.autobullesbach.com\/?page_id=18351"},"modified":"2026-01-04T01:06:31","modified_gmt":"2026-01-04T01:06:31","slug":"usluge-pratnje","status":"publish","type":"page","link":"https:\/\/www.autobullesbach.com\/en\/usluge-pratnje\/","title":{"rendered":"ESCORT SERVICES"},"content":{"rendered":"<div data-elementor-type=\"wp-page\" data-elementor-id=\"18351\" class=\"elementor elementor-18351\" data-elementor-post-type=\"page\">\n\t\t\t\t<div data-particle_enable=\"false\" data-particle-mobile-disabled=\"false\" class=\"elementor-element elementor-element-1a3bb563 e-flex e-con-boxed e-con e-parent\" data-id=\"1a3bb563\" data-element_type=\"container\">\n\t\t\t\t\t<div class=\"e-con-inner\">\n\t\t\t\t<div class=\"elementor-element elementor-element-259a8e2e elementor-widget elementor-widget-html\" data-id=\"259a8e2e\" data-element_type=\"widget\" data-widget_type=\"html.default\">\n\t\t\t\t\t<div class=\"service-nav\">\n  <div class=\"nav-left\">\n    <a class=\"nav-box prev\" href=\"\/en\/izvanredni-transport\/\">\n      <span class=\"icon\">\u2190<\/span>\n      <div class=\"text\">\n        <small>Previous service<\/small>\n        <strong>Exceptional Transport<\/strong>\n      <\/div>\n    <\/a>\n  <\/div>\n  <div class=\"nav-right\">\n    <a class=\"nav-box next\" href=\"\/en\/ishodenje-dozvola\/\">\n      <div class=\"text\">\n        <small>Next service<\/small>\n        <strong>Permit Acquisition<\/strong>\n      <\/div>\n      <span class=\"icon\">\u2192<\/span>\n    <\/a>\n  <\/div>\n<\/div>\n\n<style>\n\/* Smanjenje strelica i teksta samo za mobitel *\/\n@media (max-width: 767px) {\n  .service-nav .nav-box {\n    padding: 10px 12px;   \/* manji padding *\/\n    font-size: 14px;       \/* manji tekst *\/\n  }\n\n  .service-nav .nav-box .icon {\n    font-size: 18px;       \/* manje strelice *\/\n  }\n\n  .service-nav .nav-box .text small {\n    font-size: 10px;       \/* manji opis *\/\n  }\n\n  .service-nav .nav-box .text strong {\n    font-size: 14px;       \/* manji naslov *\/\n  }\n}\n<\/style>\n\t\t\t\t<\/div>\n\t\t\t\t\t<\/div>\n\t\t\t\t<\/div>\n\t\t<div data-particle_enable=\"false\" data-particle-mobile-disabled=\"false\" class=\"elementor-element elementor-element-25488e5 e-flex e-con-boxed e-con e-parent\" data-id=\"25488e5\" data-element_type=\"container\">\n\t\t\t\t\t<div class=\"e-con-inner\">\n\t\t<div data-particle_enable=\"false\" data-particle-mobile-disabled=\"false\" class=\"elementor-element elementor-element-fc49d39 e-con-full e-flex e-con e-child\" data-id=\"fc49d39\" data-element_type=\"container\">\n\t\t\t\t<div class=\"elementor-element elementor-element-6bcb200 elementor-widget elementor-widget-pix-sliding-text\" data-id=\"6bcb200\" data-element_type=\"widget\" data-widget_type=\"pix-sliding-text.default\">\n\t\t\t\t<div class=\"elementor-widget-container\">\n\t\t\t\t\t<div id=\"el-6bcb200\" class=\"mb-3 text-left\"><h1 class=\"mb-32 pix-sliding-headline-2 animate-in font-weight-bold body-font\" data-anim-type=\"pix-sliding-text\" pix-anim-delay=\"500\" data-class=\"body-font text-black\" style=\"\"><span class=\"slide-in-container\"><span class=\"pix-sliding-item body-font text-black\" style=\"transition-delay: 0ms;\">Escort<\/span><\/span> <\/h1><\/div>\t\t\t\t<\/div>\n\t\t\t\t<\/div>\n\t\t\t\t<div class=\"elementor-element elementor-element-c9b28df elementor-widget elementor-widget-pix-text\" data-id=\"c9b28df\" data-element_type=\"widget\" data-widget_type=\"pix-text.default\">\n\t\t\t\t<div class=\"elementor-widget-container\">\n\t\t\t\t\t<div class=\"pix-el-text w-100 text-left\" ><p class=\"text-20 resp-option text-heading-default text-left\" >Pratnja izvanrednih transporta predstavlja klju\u010dnu sigurnosnu i zakonsku obavezu pri realizaciji specijalnih prijevoza. Na\u0161 stru\u010dni tim nudi kompletnu uslugu pratnje, u skladu s va\u017ee\u0107im zakonima svih zemalja, kako bi transport bio realizovan bez zastoja, efikasno i sigurno.\n\nVozila za pratnju opremljena su svim propisanim signalizacijama i komunikacijskim ure\u0111ajima, dok na\u0161i voza\u010di posjeduju bogato iskustvo i potrebne certifikate. <\/p><\/div>\t\t\t\t<\/div>\n\t\t\t\t<\/div>\n\t\t\t\t<\/div>\n\t\t<div data-particle_enable=\"false\" data-particle-mobile-disabled=\"false\" class=\"elementor-element elementor-element-8b00b19 e-con-full e-flex e-con e-child\" data-id=\"8b00b19\" data-element_type=\"container\">\n\t\t\t\t<div class=\"elementor-element elementor-element-50ad4bf elementor-widget elementor-widget-pix-img\" data-id=\"50ad4bf\" data-element_type=\"widget\" data-widget_type=\"pix-img.default\">\n\t\t\t\t<div class=\"elementor-widget-container\">\n\t\t\t\t\t<div id=\"el-50ad4bf\" class=\"pix-img-element d-inline-block\" ><div class=\"pix-img-el     text-left d-inline-block  w-100 rounded-10\"  ><img fetchpriority=\"high\" decoding=\"async\" width=\"1600\" height=\"1200\" src=\"https:\/\/www.autobullesbach.com\/wp-content\/uploads\/2025\/08\/uslugepratnje1.png\" class=\"pix-img-elem rounded-10\" alt=\"Image link\" srcset=\"https:\/\/www.autobullesbach.com\/wp-content\/uploads\/2025\/08\/uslugepratnje1.png 1600w, https:\/\/www.autobullesbach.com\/wp-content\/uploads\/2025\/08\/uslugepratnje1-300x225.png 300w, https:\/\/www.autobullesbach.com\/wp-content\/uploads\/2025\/08\/uslugepratnje1-1024x768.png 1024w, https:\/\/www.autobullesbach.com\/wp-content\/uploads\/2025\/08\/uslugepratnje1-768x576.png 768w, https:\/\/www.autobullesbach.com\/wp-content\/uploads\/2025\/08\/uslugepratnje1-1536x1152.png 1536w, https:\/\/www.autobullesbach.com\/wp-content\/uploads\/2025\/08\/uslugepratnje1-600x450.png 600w\" sizes=\"(max-width: 1600px) 100vw, 1600px\" \/><\/div><\/div>\t\t\t\t<\/div>\n\t\t\t\t<\/div>\n\t\t\t\t<\/div>\n\t\t\t\t\t<\/div>\n\t\t\t\t<\/div>\n\t\t<div data-particle_enable=\"false\" data-particle-mobile-disabled=\"false\" class=\"elementor-element elementor-element-d05027f e-flex e-con-boxed e-con e-parent\" data-id=\"d05027f\" data-element_type=\"container\">\n\t\t\t\t\t<div class=\"e-con-inner\">\n\t\t\t\t<div class=\"elementor-element elementor-element-a2744b8 elementor-widget elementor-widget-pix-sliding-text\" data-id=\"a2744b8\" data-element_type=\"widget\" data-widget_type=\"pix-sliding-text.default\">\n\t\t\t\t<div class=\"elementor-widget-container\">\n\t\t\t\t\t<div id=\"el-a2744b8\" class=\"mb-3 text-center\"><h1 class=\"mb-32 pix-sliding-headline-2 animate-in font-weight-bold body-font\" data-anim-type=\"pix-sliding-text\" pix-anim-delay=\"500\" data-class=\"body-font text-black\" style=\"\"><span class=\"slide-in-container\"><span class=\"pix-sliding-item body-font text-black\" style=\"transition-delay: 0ms;\">List of<\/span><\/span> <span class=\"slide-in-container\"><span class=\"pix-sliding-item body-font text-black\" style=\"transition-delay: 150ms;\">vehicles<\/span><\/span> <\/h1><\/div>\t\t\t\t<\/div>\n\t\t\t\t<\/div>\n\t\t\t\t<div class=\"elementor-element elementor-element-02db85a elementor-widget elementor-widget-html\" data-id=\"02db85a\" data-element_type=\"widget\" data-widget_type=\"html.default\">\n\t\t\t\t\t<div class=\"carousel-wrapper\">\n\n  <!-- Slide 1 -->\n  <div class=\"carousel-slide\" style=\"display:block;\">\n    <img decoding=\"async\" src=\"https:\/\/www.autobullesbach.com\/wp-content\/uploads\/2025\/07\/pratnja1fix.png\" alt=\"Kombi Ford\">\n    <div class=\"logo-box\">\n      <img decoding=\"async\" src=\"https:\/\/www.autobullesbach.com\/wp-content\/uploads\/2025\/07\/autobullesbach_411x110.jpg\" alt=\"Logo\">\n    <\/div>\n    <div class=\"info-box\">\n      <h3>Kombi Ford<\/h3>\n      <div class=\"divider\"><\/div>\n      <ul>\n        <li><strong>Tip:<\/strong> Pratnja \u2013 izvanredni transport<\/li>\n        <li><strong>Oprema:<\/strong> Rotacija, signalizacija, radio veza<\/li>\n        <li><strong>Snaga:<\/strong> 130 KS<\/li>\n        <li><strong>Kapacitet:<\/strong> 3 osobe + oprema<\/li>\n      <\/ul>\n    <\/div>\n  <\/div>\n\n  <!-- Slide 2 -->\n  <div class=\"carousel-slide\">\n    <img decoding=\"async\" src=\"https:\/\/www.autobullesbach.com\/wp-content\/uploads\/2025\/07\/pratnja2.png\" alt=\"Auto Ford\">\n    <div class=\"logo-box\">\n      <img decoding=\"async\" src=\"https:\/\/www.autobullesbach.com\/wp-content\/uploads\/2025\/07\/autobullesbach_411x110.jpg\" alt=\"Logo\">\n    <\/div>\n    <div class=\"info-box\">\n      <h3>Auto Ford<\/h3>\n      <div class=\"divider\"><\/div>\n      <ul>\n        <li><strong>Tip:<\/strong> Vozilo pratnje<\/li>\n        <li><strong>Oprema:<\/strong> GPS, signalizacija, radio veza<\/li>\n        <li><strong>Snaga:<\/strong> 120 KS<\/li>\n        <li><strong>Kapacitet:<\/strong> 2 osobe<\/li>\n      <\/ul>\n    <\/div>\n  <\/div>\n\n  <!-- Slide 3 -->\n  <div class=\"carousel-slide\">\n    <img decoding=\"async\" src=\"https:\/\/www.autobullesbach.com\/wp-content\/uploads\/2025\/09\/citroenpratnjafinal.png\" alt=\"Citroen Kombi\">\n    <div class=\"logo-box\">\n      <img decoding=\"async\" src=\"https:\/\/www.autobullesbach.com\/wp-content\/uploads\/2025\/07\/autobullesbach_411x110.jpg\" alt=\"Logo\">\n    <\/div>\n    <div class=\"info-box\">\n      <h3>Citro\u00ebn Kombi<\/h3>\n      <div class=\"divider\"><\/div>\n      <ul>\n        <li><strong>Tip:<\/strong> Pratnja \u2013 tehni\u010dka podr\u0161ka<\/li>\n        <li><strong>Oprema:<\/strong> Alat, svjetlosna signalizacija, radio<\/li>\n        <li><strong>Snaga:<\/strong> 115 KS<\/li>\n        <li><strong>Kapacitet:<\/strong> 2+1 osobe<\/li>\n      <\/ul>\n    <\/div>\n  <\/div>\n\n<\/div>\n\n<!-- Carousel buttons -->\n<div class=\"carousel-nav\">\n  <span class=\"carousel-btn\" onclick=\"showSlide(0)\">1<\/span>\n  <span class=\"carousel-btn\" onclick=\"showSlide(1)\">2<\/span>\n  <span class=\"carousel-btn\" onclick=\"showSlide(2)\">3<\/span>\n<\/div>\n\n<style>\n.carousel-wrapper {\n  position: relative;\n  max-width: 1000px;\n  margin: 0 auto;\n  font-family: 'Segoe UI', Tahoma, Geneva, Verdana, sans-serif;\n}\n.carousel-slide { display: none; text-align: center; }\n.carousel-slide img { width: 100%; max-height: 300px; object-fit: contain; }\n.info-box {\n  background-color: rgba(249, 249, 249, 0.95);\n  border-radius: 12px;\n  box-shadow: 0 4px 12px rgba(0,0,0,0.1);\n  padding: 20px;\n  text-align: left;\n  max-width: 320px;\n  margin: 10px auto 30px; \/* POMJERENO ISPOD SLIKE *\/\n  color: #222;\n}\n.info-box h3 { margin-top:0; padding-right:0; margin-bottom:8px; }\n.info-box h3 + .divider { width:60px; height:4px; background-color:#e30613; border-radius:4px; margin-bottom:20px; }\n.info-box ul { list-style:none; padding:0; margin:0; }\n.info-box ul li { margin-bottom:5px; }\n.logo-box { position:absolute; top:20px; right:20px; background: rgba(255,255,255,0.85); padding:8px 12px; border-radius:8px; box-shadow:0 2px 8px rgba(0,0,0,0.15); }\n.logo-box img { height:40px; }\n.carousel-nav { text-align:center; margin-top:10px; }\n.carousel-btn { display:inline-block; background:#333; color:white; padding:8px 14px; margin:0 5px; cursor:pointer; border-radius:4px; transition: background 0.3s; }\n.carousel-btn:hover { background:#555; }\n\n\/* MOBITEL *\/\n@media (max-width: 767px) {\n  .carousel-slide img { max-height:200px; }\n  .info-box { padding:12px; max-width:90%; font-size:14px; margin:10px auto 20px; }\n  .info-box h3 { font-size:16px; }\n  .info-box h3 + .divider { width:40px; height:3px; margin-bottom:12px; }\n  .info-box ul li { font-size:13px; }\n  .logo-box img { height:30px; }\n  .carousel-btn { padding:6px 10px; font-size:12px; margin:0 3px; }\n}\n<\/style>\n\n<script>\nconst slides = document.querySelectorAll('.carousel-slide');\nfunction showSlide(index) {\n  slides.forEach((slide,i)=> slide.style.display = (i===index ? 'block' : 'none'));\n}\nshowSlide(0);\n<\/script>\n\t\t\t\t<\/div>\n\t\t\t\t\t<\/div>\n\t\t\t\t<\/div>\n\t\t<div data-particle_enable=\"false\" data-particle-mobile-disabled=\"false\" class=\"elementor-element elementor-element-5662f0c e-flex e-con-boxed e-con e-parent\" data-id=\"5662f0c\" data-element_type=\"container\">\n\t\t\t\t\t<div class=\"e-con-inner\">\n\t\t\t\t<div class=\"elementor-element elementor-element-e192380 elementor-widget elementor-widget-pix-sliding-text\" data-id=\"e192380\" data-element_type=\"widget\" data-widget_type=\"pix-sliding-text.default\">\n\t\t\t\t<div class=\"elementor-widget-container\">\n\t\t\t\t\t<div id=\"el-e192380\" class=\"mb-3 text-center\"><h1 class=\"mb-32 pix-sliding-headline-2 animate-in font-weight-bold body-font\" data-anim-type=\"pix-sliding-text\" pix-anim-delay=\"500\" data-class=\"body-font text-black\" style=\"\"><span class=\"slide-in-container\"><span class=\"pix-sliding-item body-font text-black\" style=\"transition-delay: 0ms;\">Gallery<\/span><\/span> <\/h1><\/div>\t\t\t\t<\/div>\n\t\t\t\t<\/div>\n\t\t\t\t<div class=\"elementor-element elementor-element-a6068f3 elementor-widget elementor-widget-pix-testimonial-masonry\" data-id=\"a6068f3\" data-element_type=\"widget\" data-widget_type=\"pix-testimonial-masonry.default\">\n\t\t\t\t<div class=\"elementor-widget-container\">\n\t\t\t\t\t<div class=\"pix_masonry\"><div class=\"grid-sizer\"><\/div><div class=\"gutter-sizer\"><\/div><div class=\"grid-item pix-mb-20\"><div class=\"pix-content-box card        body-default rounded-lg  bg-light-opacity-5 w-100\"   ><div class=\"\" style=\"z-index:30;position:relative;\"><a href=\"https:\/\/www.autobullesbach.com\/wp-content\/uploads\/2025\/07\/Screenshot-2025-07-26-122238.png\" target=\"\"><div class=\"card-body rounded-lg bg-light-opacity-5\" ><img decoding=\"async\" width=\"332\" height=\"480\" src=\"https:\/\/www.autobullesbach.com\/wp-content\/uploads\/2025\/07\/Screenshot-2025-07-26-122238.png\" class=\"img-fluid mb-3\" alt=\"Pratnja\" srcset=\"https:\/\/www.autobullesbach.com\/wp-content\/uploads\/2025\/07\/Screenshot-2025-07-26-122238.png 433w, https:\/\/www.autobullesbach.com\/wp-content\/uploads\/2025\/07\/Screenshot-2025-07-26-122238-208x300.png 208w\" sizes=\"(max-width: 332px) 100vw, 332px\" \/><div class=\"card-title  font-weight-bold text-primary\" >Pratnja<\/div><\/div><\/a><\/div><\/div><\/div><div class=\"grid-item pix-mb-20\"><div class=\"pix-content-box card        body-default rounded-lg  bg-light-opacity-5 w-100\"   ><div class=\"\" style=\"z-index:30;position:relative;\"><a href=\"https:\/\/www.autobullesbach.com\/wp-content\/uploads\/2025\/08\/Screenshot-2025-08-06-at-6.28.01-PM.png\" target=\"\"><div class=\"card-body rounded-lg bg-light-opacity-5\" ><img decoding=\"async\" width=\"271\" height=\"480\" src=\"https:\/\/www.autobullesbach.com\/wp-content\/uploads\/2025\/08\/Screenshot-2025-08-06-at-6.28.01-PM.png\" class=\"img-fluid mb-3\" alt=\"Pratnja\" srcset=\"https:\/\/www.autobullesbach.com\/wp-content\/uploads\/2025\/08\/Screenshot-2025-08-06-at-6.28.01-PM.png 1216w, https:\/\/www.autobullesbach.com\/wp-content\/uploads\/2025\/08\/Screenshot-2025-08-06-at-6.28.01-PM-170x300.png 170w, https:\/\/www.autobullesbach.com\/wp-content\/uploads\/2025\/08\/Screenshot-2025-08-06-at-6.28.01-PM-579x1024.png 579w, https:\/\/www.autobullesbach.com\/wp-content\/uploads\/2025\/08\/Screenshot-2025-08-06-at-6.28.01-PM-768x1359.png 768w, https:\/\/www.autobullesbach.com\/wp-content\/uploads\/2025\/08\/Screenshot-2025-08-06-at-6.28.01-PM-868x1536.png 868w, https:\/\/www.autobullesbach.com\/wp-content\/uploads\/2025\/08\/Screenshot-2025-08-06-at-6.28.01-PM-1157x2048.png 1157w\" sizes=\"(max-width: 271px) 100vw, 271px\" \/><div class=\"card-title  font-weight-bold text-primary\" >Pratnja<\/div><\/div><\/a><\/div><\/div><\/div><div class=\"grid-item pix-mb-20\"><div class=\"pix-content-box card        body-default rounded-lg  bg-light-opacity-5 w-100\"   ><div class=\"\" style=\"z-index:30;position:relative;\"><a href=\"https:\/\/www.autobullesbach.com\/wp-content\/uploads\/2025\/07\/Screenshot-2025-07-26-122429.png\" target=\"\"><div class=\"card-body rounded-lg bg-light-opacity-5\" ><img loading=\"lazy\" decoding=\"async\" width=\"330\" height=\"480\" src=\"https:\/\/www.autobullesbach.com\/wp-content\/uploads\/2025\/07\/Screenshot-2025-07-26-122429.png\" class=\"img-fluid mb-3\" alt=\"Pratnja\" srcset=\"https:\/\/www.autobullesbach.com\/wp-content\/uploads\/2025\/07\/Screenshot-2025-07-26-122429.png 426w, https:\/\/www.autobullesbach.com\/wp-content\/uploads\/2025\/07\/Screenshot-2025-07-26-122429-206x300.png 206w\" sizes=\"(max-width: 330px) 100vw, 330px\" \/><div class=\"card-title  font-weight-bold text-primary\" >Pratnja<\/div><\/div><\/a><\/div><\/div><\/div><div class=\"grid-item pix-mb-20\"><div class=\"pix-content-box card        body-default rounded-lg  bg-light-opacity-5 w-100\"   ><div class=\"\" style=\"z-index:30;position:relative;\"><a href=\"https:\/\/www.autobullesbach.com\/wp-content\/uploads\/2025\/07\/Screenshot-2025-07-26-122339.png\" target=\"\"><div class=\"card-body rounded-lg bg-light-opacity-5\" ><img loading=\"lazy\" decoding=\"async\" width=\"341\" height=\"480\" src=\"https:\/\/www.autobullesbach.com\/wp-content\/uploads\/2025\/07\/Screenshot-2025-07-26-122339.png\" class=\"img-fluid mb-3\" alt=\"Pratnja\" srcset=\"https:\/\/www.autobullesbach.com\/wp-content\/uploads\/2025\/07\/Screenshot-2025-07-26-122339.png 408w, https:\/\/www.autobullesbach.com\/wp-content\/uploads\/2025\/07\/Screenshot-2025-07-26-122339-213x300.png 213w\" sizes=\"(max-width: 341px) 100vw, 341px\" \/><div class=\"card-title  font-weight-bold text-primary\" >Pratnja<\/div><\/div><\/a><\/div><\/div><\/div><div class=\"grid-item pix-mb-20\"><div class=\"pix-content-box card        body-default rounded-lg  bg-light-opacity-5 w-100\"   ><div class=\"\" style=\"z-index:30;position:relative;\"><a href=\"https:\/\/www.autobullesbach.com\/wp-content\/uploads\/2025\/07\/Screenshot-2025-07-26-123240.png\" target=\"\"><div class=\"card-body rounded-lg bg-light-opacity-5\" ><img loading=\"lazy\" decoding=\"async\" width=\"333\" height=\"480\" src=\"https:\/\/www.autobullesbach.com\/wp-content\/uploads\/2025\/07\/Screenshot-2025-07-26-123240.png\" class=\"img-fluid mb-3\" alt=\"Pratnja\" srcset=\"https:\/\/www.autobullesbach.com\/wp-content\/uploads\/2025\/07\/Screenshot-2025-07-26-123240.png 430w, https:\/\/www.autobullesbach.com\/wp-content\/uploads\/2025\/07\/Screenshot-2025-07-26-123240-208x300.png 208w\" sizes=\"(max-width: 333px) 100vw, 333px\" \/><div class=\"card-title  font-weight-bold text-primary\" >Pratnja<\/div><\/div><\/a><\/div><\/div><\/div><\/div>\t\t\t\t<\/div>\n\t\t\t\t<\/div>\n\t\t\t\t\t<\/div>\n\t\t\t\t<\/div>\n\t\t<div data-particle_enable=\"false\" data-particle-mobile-disabled=\"false\" class=\"elementor-element elementor-element-00f83d7 e-flex e-con-boxed e-con e-parent\" data-id=\"00f83d7\" data-element_type=\"container\">\n\t\t\t\t\t<div class=\"e-con-inner\">\n\t\t\t\t<div class=\"elementor-element elementor-element-45bb23b elementor-widget elementor-widget-html\" data-id=\"45bb23b\" data-element_type=\"widget\" data-widget_type=\"html.default\">\n\t\t\t\t\t<div class=\"service-nav\">\r\n  <div class=\"nav-left\">\r\n    <a class=\"nav-box prev\" href=\"\/en\/izvanredni-transport\/\">\r\n      <span class=\"icon\">\u2190<\/span>\r\n      <div class=\"text\">\r\n        <small>Previous service<\/small>\r\n        <strong>Exceptional Transport<\/strong>\r\n      <\/div>\r\n    <\/a>\r\n  <\/div>\r\n  <div class=\"nav-right\">\r\n    <a class=\"nav-box next\" href=\"\/en\/ishodenje-dozvola\/\">\r\n      <div class=\"text\">\r\n        <small>Next service<\/small>\r\n        <strong>Permit Acquisition<\/strong>\r\n      <\/div>\r\n      <span class=\"icon\">\u2192<\/span>\r\n    <\/a>\r\n  <\/div>\r\n<\/div>\r\n\t\t\t\t<\/div>\n\t\t\t\t\t<\/div>\n\t\t\t\t<\/div>\n\t\t<div data-particle_enable=\"false\" data-particle-mobile-disabled=\"false\" class=\"elementor-element elementor-element-43fbd4dd e-flex e-con-boxed e-con e-parent\" data-id=\"43fbd4dd\" data-element_type=\"container\" data-settings=\"{&quot;background_background&quot;:&quot;video&quot;,&quot;background_video_link&quot;:&quot;https:\\\/\\\/www.autobullesbach.com\\\/wp-content\\\/uploads\\\/2025\\\/07\\\/dji_fly_20250308_083924_120_1741801011777_video.mp4&quot;,&quot;background_play_on_mobile&quot;:&quot;yes&quot;}\">\n\t\t\t\t\t<div class=\"e-con-inner\">\n\t\t<div class=\"elementor-background-video-container\" aria-hidden=\"true\">\n\t\t\t\t\t\t\t<video class=\"elementor-background-video-hosted\" autoplay muted playsinline loop><\/video>\n\t\t\t\t\t<\/div>\t\t<div class=\"elementor-element elementor-element-3155e2ca elementor-widget elementor-widget-pix-sliding-text\" data-id=\"3155e2ca\" data-element_type=\"widget\" data-widget_type=\"pix-sliding-text.default\">\n\t\t\t\t<div class=\"elementor-widget-container\">\n\t\t\t\t\t<div id=\"el-3155e2ca\" class=\"mb-3 text-center\"><h1 class=\"mb-32 pix-sliding-headline-2 animate-in font-weight-bold body-font\" data-anim-type=\"pix-sliding-text\" pix-anim-delay=\"500\" data-class=\"body-font text-white\" style=\"\"><span class=\"slide-in-container\"><span class=\"pix-sliding-item body-font text-white\" style=\"transition-delay: 0ms;\">INQUIRY<\/span><\/span> <span class=\"slide-in-container\"><span class=\"pix-sliding-item body-font text-white\" style=\"transition-delay: 150ms;\">FOR<\/span><\/span> <span class=\"slide-in-container\"><span class=\"pix-sliding-item body-font text-white\" style=\"transition-delay: 300ms;\">TRANSPORT&#32;<\/span><\/span> <\/h1><\/div>\t\t\t\t<\/div>\n\t\t\t\t<\/div>\n\t\t\t\t<div class=\"elementor-element elementor-element-5630006b elementor-widget elementor-widget-heading\" data-id=\"5630006b\" data-element_type=\"widget\" data-widget_type=\"heading.default\">\n\t\t\t\t\t<h2 class=\"elementor-heading-title elementor-size-default\">Contact us today!<\/h2>\t\t\t\t<\/div>\n\t\t\t\t<div class=\"elementor-element elementor-element-64bc357a elementor-widget elementor-widget-pix-button\" data-id=\"64bc357a\" data-element_type=\"widget\" data-widget_type=\"pix-button.default\">\n\t\t\t\t<div class=\"elementor-widget-container\">\n\t\t\t\t\t<a  href=\"https:\/\/www.autobullesbach.com\/en\/kontakt\/\" class=\"btn m-0      btn-primary d-inline-flex align-items-center      btn-md\"     ><span class=\"font-weight-bold\" >Send Inquiry<\/span><\/a>\t\t\t\t<\/div>\n\t\t\t\t<\/div>\n\t\t\t\t\t<\/div>\n\t\t\t\t<\/div>\n\t\t\t\t<\/div>","protected":false},"excerpt":{"rendered":"<p>\u2190 Prethodna usluga Izvanredni transport Sljede\u0107a usluga Isho\u0111enje dozvola \u2192 Pratnja&#32; Pratnja izvanrednih transporta predstavlja klju\u010dnu sigurnosnu i zakonsku obavezu pri realizaciji specijalnih prijevoza. Na\u0161 stru\u010dni tim nudi kompletnu uslugu pratnje, u skladu s va\u017ee\u0107im zakonima svih zemalja, kako bi&#8230;<\/p>","protected":false},"author":1,"featured_media":0,"parent":0,"menu_order":0,"comment_status":"closed","ping_status":"closed","template":"","meta":{"slim_seo":{"title":"PRATNJA - X-Optimist","description":"Pru\u017eamo kompletnu pratnju vangabaritnih transporta \u2013 sigurnost, efikasnost i zakonska uskla\u0111enost uz iskusne voza\u010de i opremljena vozila."},"footnotes":""},"class_list":["post-18351","page","type-page","status-publish","hentry"],"_links":{"self":[{"href":"https:\/\/www.autobullesbach.com\/en\/wp-json\/wp\/v2\/pages\/18351","targetHints":{"allow":["GET"]}}],"collection":[{"href":"https:\/\/www.autobullesbach.com\/en\/wp-json\/wp\/v2\/pages"}],"about":[{"href":"https:\/\/www.autobullesbach.com\/en\/wp-json\/wp\/v2\/types\/page"}],"author":[{"embeddable":true,"href":"https:\/\/www.autobullesbach.com\/en\/wp-json\/wp\/v2\/users\/1"}],"replies":[{"embeddable":true,"href":"https:\/\/www.autobullesbach.com\/en\/wp-json\/wp\/v2\/comments?post=18351"}],"version-history":[{"count":0,"href":"https:\/\/www.autobullesbach.com\/en\/wp-json\/wp\/v2\/pages\/18351\/revisions"}],"wp:attachment":[{"href":"https:\/\/www.autobullesbach.com\/en\/wp-json\/wp\/v2\/media?parent=18351"}],"curies":[{"name":"wp","href":"https:\/\/api.w.org\/{rel}","templated":true}]}}