{"id":20078,"date":"2025-08-06T18:11:21","date_gmt":"2025-08-06T18:11:21","guid":{"rendered":"https:\/\/www.autobullesbach.com\/?page_id=20078"},"modified":"2025-09-08T23:54:18","modified_gmt":"2025-09-08T23:54:18","slug":"ishodenje-dozvola","status":"publish","type":"page","link":"https:\/\/www.autobullesbach.com\/en\/ishodenje-dozvola\/","title":{"rendered":"PERMIT ACQUISITION"},"content":{"rendered":"<div data-elementor-type=\"wp-page\" data-elementor-id=\"20078\" class=\"elementor elementor-20078\" data-elementor-post-type=\"page\">\n\t\t\t\t<div data-particle_enable=\"false\" data-particle-mobile-disabled=\"false\" class=\"elementor-element elementor-element-cd77d3d e-flex e-con-boxed e-con e-parent\" data-id=\"cd77d3d\" data-element_type=\"container\">\n\t\t\t\t\t<div class=\"e-con-inner\">\n\t\t\t\t<div class=\"elementor-element elementor-element-05d3f16 elementor-widget elementor-widget-html\" data-id=\"05d3f16\" data-element_type=\"widget\" data-widget_type=\"html.default\">\n\t\t\t\t\t<div class=\"service-nav\">\n  <div class=\"nav-left\">\n    <a class=\"nav-box prev\" href=\"\/en\/usluge-pratnje\/\">\n      <span class=\"icon\">\u2190<\/span>\n      <div class=\"text\">\n        <small>Previous service<\/small>\n        <strong>Escort services<\/strong>\n      <\/div>\n    <\/a>\n  <\/div>\n<\/div>\n\t\t\t\t<\/div>\n\t\t\t\t\t<\/div>\n\t\t\t\t<\/div>\n\t\t<div data-particle_enable=\"false\" data-particle-mobile-disabled=\"false\" class=\"elementor-element elementor-element-41b0f328 e-flex e-con-boxed e-con e-parent\" data-id=\"41b0f328\" data-element_type=\"container\">\n\t\t\t\t\t<div class=\"e-con-inner\">\n\t\t<div data-particle_enable=\"false\" data-particle-mobile-disabled=\"false\" class=\"elementor-element elementor-element-2802e95 e-con-full e-flex e-con e-child\" data-id=\"2802e95\" data-element_type=\"container\">\n\t\t\t\t<div class=\"elementor-element elementor-element-4ae9ca2b elementor-widget elementor-widget-pix-sliding-text\" data-id=\"4ae9ca2b\" data-element_type=\"widget\" data-widget_type=\"pix-sliding-text.default\">\n\t\t\t\t<div class=\"elementor-widget-container\">\n\t\t\t\t\t<div id=\"el-4ae9ca2b\" class=\"mb-3 text-left\"><h1 class=\"mb-32 pix-sliding-headline-2 animate-in font-weight-bold body-font\" data-anim-type=\"pix-sliding-text\" pix-anim-delay=\"500\" data-class=\"body-font text-black\" style=\"\"><span class=\"slide-in-container\"><span class=\"pix-sliding-item body-font text-black\" style=\"transition-delay: 0ms;\">Acquisition of<\/span><\/span> <span class=\"slide-in-container\"><span class=\"pix-sliding-item body-font text-black\" style=\"transition-delay: 150ms;\">permits<\/span><\/span> <\/h1><\/div>\t\t\t\t<\/div>\n\t\t\t\t<\/div>\n\t\t\t\t<div class=\"elementor-element elementor-element-1eeeb50e elementor-widget elementor-widget-pix-text\" data-id=\"1eeeb50e\" data-element_type=\"widget\" data-widget_type=\"pix-text.default\">\n\t\t\t\t<div class=\"elementor-widget-container\">\n\t\t\t\t\t<div class=\"pix-el-text w-100 text-left\" ><p class=\"text-20 resp-option text-heading-default text-left\" >Accurate and timely permit acquisition is a key step in organizing exceptional transport through Croatia. Autobullesbach specializes exclusively in obtaining permits within the Republic of Croatia, for all companies \u2013 regardless of their headquarters.\n\nThanks to years of experience and continuous cooperation with the relevant authorities in Croatia, we enable our partners to process requests quickly, accurately, and reliably \u2013 without complications or unnecessary waiting.\nEscort vehicles are equipped with all required signaling and communication devices, while our drivers possess extensive experience and the necessary certifications. <\/p><\/div>\t\t\t\t<\/div>\n\t\t\t\t<\/div>\n\t\t\t\t<\/div>\n\t\t<div data-particle_enable=\"false\" data-particle-mobile-disabled=\"false\" class=\"elementor-element elementor-element-3a6ff442 e-con-full e-flex e-con e-child\" data-id=\"3a6ff442\" data-element_type=\"container\">\n\t\t\t\t<div class=\"elementor-element elementor-element-70b61018 elementor-widget elementor-widget-pix-img\" data-id=\"70b61018\" data-element_type=\"widget\" data-widget_type=\"pix-img.default\">\n\t\t\t\t<div class=\"elementor-widget-container\">\n\t\t\t\t\t<div id=\"el-70b61018\" class=\"pix-img-element d-inline-block\" ><div class=\"pix-img-el     text-left d-inline-block  w-100 rounded-10\"  ><img fetchpriority=\"high\" decoding=\"async\" width=\"1600\" height=\"1204\" src=\"https:\/\/www.autobullesbach.com\/wp-content\/uploads\/2025\/08\/cf4ce1da-5559-42f5-8d4a-655efd8545d5.jpeg\" class=\"pix-img-elem rounded-10\" alt=\"Image link\" srcset=\"https:\/\/www.autobullesbach.com\/wp-content\/uploads\/2025\/08\/cf4ce1da-5559-42f5-8d4a-655efd8545d5.jpeg 1600w, https:\/\/www.autobullesbach.com\/wp-content\/uploads\/2025\/08\/cf4ce1da-5559-42f5-8d4a-655efd8545d5-300x226.jpeg 300w, https:\/\/www.autobullesbach.com\/wp-content\/uploads\/2025\/08\/cf4ce1da-5559-42f5-8d4a-655efd8545d5-1024x771.jpeg 1024w, https:\/\/www.autobullesbach.com\/wp-content\/uploads\/2025\/08\/cf4ce1da-5559-42f5-8d4a-655efd8545d5-768x578.jpeg 768w, https:\/\/www.autobullesbach.com\/wp-content\/uploads\/2025\/08\/cf4ce1da-5559-42f5-8d4a-655efd8545d5-1536x1156.jpeg 1536w\" sizes=\"(max-width: 1600px) 100vw, 1600px\" \/><\/div><\/div>\t\t\t\t<\/div>\n\t\t\t\t<\/div>\n\t\t\t\t<\/div>\n\t\t\t\t\t<\/div>\n\t\t\t\t<\/div>\n\t\t<div data-particle_enable=\"false\" data-particle-mobile-disabled=\"false\" class=\"elementor-element elementor-element-12cb2ae2 e-flex e-con-boxed e-con e-parent\" data-id=\"12cb2ae2\" data-element_type=\"container\" data-settings=\"{&quot;background_background&quot;:&quot;video&quot;,&quot;background_video_link&quot;:&quot;https:\\\/\\\/www.autobullesbach.com\\\/wp-content\\\/uploads\\\/2025\\\/07\\\/dji_fly_20250308_083924_120_1741801011777_video.mp4&quot;,&quot;background_play_on_mobile&quot;:&quot;yes&quot;}\">\n\t\t\t\t\t<div class=\"e-con-inner\">\n\t\t<div class=\"elementor-background-video-container\" aria-hidden=\"true\">\n\t\t\t\t\t\t\t<video class=\"elementor-background-video-hosted\" autoplay muted playsinline loop><\/video>\n\t\t\t\t\t<\/div>\t\t<div class=\"elementor-element elementor-element-3cd10eb1 elementor-widget elementor-widget-pix-sliding-text\" data-id=\"3cd10eb1\" data-element_type=\"widget\" data-widget_type=\"pix-sliding-text.default\">\n\t\t\t\t<div class=\"elementor-widget-container\">\n\t\t\t\t\t<div id=\"el-3cd10eb1\" class=\"mb-3 text-center\"><h1 class=\"mb-32 pix-sliding-headline-2 animate-in font-weight-bold body-font\" data-anim-type=\"pix-sliding-text\" pix-anim-delay=\"500\" data-class=\"body-font text-white\" style=\"\"><span class=\"slide-in-container\"><span class=\"pix-sliding-item body-font text-white\" style=\"transition-delay: 0ms;\">INQUIRY<\/span><\/span> <span class=\"slide-in-container\"><span class=\"pix-sliding-item body-font text-white\" style=\"transition-delay: 150ms;\">FOR<\/span><\/span> <span class=\"slide-in-container\"><span class=\"pix-sliding-item body-font text-white\" style=\"transition-delay: 300ms;\">TRANSPORT&#32;<\/span><\/span> <\/h1><\/div>\t\t\t\t<\/div>\n\t\t\t\t<\/div>\n\t\t\t\t<div class=\"elementor-element elementor-element-72f92ab6 elementor-widget elementor-widget-heading\" data-id=\"72f92ab6\" data-element_type=\"widget\" data-widget_type=\"heading.default\">\n\t\t\t\t\t<h2 class=\"elementor-heading-title elementor-size-default\">Contact us today!<\/h2>\t\t\t\t<\/div>\n\t\t\t\t<div class=\"elementor-element elementor-element-358764b6 elementor-widget elementor-widget-pix-button\" data-id=\"358764b6\" data-element_type=\"widget\" data-widget_type=\"pix-button.default\">\n\t\t\t\t<div class=\"elementor-widget-container\">\n\t\t\t\t\t<span  class=\"btn m-0      btn-primary d-inline-flex align-items-center      btn-md\"     ><span class=\"font-weight-bold\" >Send Inquiry<\/span><\/span>\t\t\t\t<\/div>\n\t\t\t\t<\/div>\n\t\t\t\t\t<\/div>\n\t\t\t\t<\/div>\n\t\t\t\t<\/div>","protected":false},"excerpt":{"rendered":"<p>\u2190 Prethodna usluga Usluge pratnje Isho\u0111enje&#32; dozvola&#32; Precizno i pravovremeno isho\u0111enje dozvola klju\u010dan je korak u organizaciji izvanrednog prijevoza kroz Hrvatsku. Autobullesbach je specijaliziran isklju\u010divo za isho\u0111enje dozvola na podru\u010dju Republike Hrvatske, i to za sve tvrtke \u2013 neovisno o&#8230;<\/p>","protected":false},"author":1,"featured_media":0,"parent":0,"menu_order":0,"comment_status":"closed","ping_status":"closed","template":"","meta":{"slim_seo":{"title":"ISHO\u0110ENJE DOZVOLA - X-Optimist","description":"\u2190 Prethodna usluga Usluge pratnje Isho\u0111enje&#32; dozvola&#32; Precizno i pravovremeno isho\u0111enje dozvola klju\u010dan je korak u organizaciji izvanrednog prijevoza kr"},"footnotes":""},"class_list":["post-20078","page","type-page","status-publish","hentry"],"_links":{"self":[{"href":"https:\/\/www.autobullesbach.com\/en\/wp-json\/wp\/v2\/pages\/20078","targetHints":{"allow":["GET"]}}],"collection":[{"href":"https:\/\/www.autobullesbach.com\/en\/wp-json\/wp\/v2\/pages"}],"about":[{"href":"https:\/\/www.autobullesbach.com\/en\/wp-json\/wp\/v2\/types\/page"}],"author":[{"embeddable":true,"href":"https:\/\/www.autobullesbach.com\/en\/wp-json\/wp\/v2\/users\/1"}],"replies":[{"embeddable":true,"href":"https:\/\/www.autobullesbach.com\/en\/wp-json\/wp\/v2\/comments?post=20078"}],"version-history":[{"count":0,"href":"https:\/\/www.autobullesbach.com\/en\/wp-json\/wp\/v2\/pages\/20078\/revisions"}],"wp:attachment":[{"href":"https:\/\/www.autobullesbach.com\/en\/wp-json\/wp\/v2\/media?parent=20078"}],"curies":[{"name":"wp","href":"https:\/\/api.w.org\/{rel}","templated":true}]}}