{"id":3388,"date":"2020-09-28T21:46:53","date_gmt":"2020-09-28T21:46:53","guid":{"rendered":"https:\/\/megapack.pixfort.com\/fast-elementor\/?page_id=3388"},"modified":"2025-09-03T00:40:07","modified_gmt":"2025-09-03T00:40:07","slug":"kontakt","status":"publish","type":"page","link":"https:\/\/www.autobullesbach.com\/en\/kontakt\/","title":{"rendered":"CONTACT"},"content":{"rendered":"<div data-elementor-type=\"wp-page\" data-elementor-id=\"3388\" class=\"elementor elementor-3388\" data-elementor-post-type=\"page\">\n\t\t\t\t<div data-particle_enable=\"false\" data-particle-mobile-disabled=\"false\" class=\"elementor-element elementor-element-0b8b1f9 e-flex e-con-boxed e-con e-parent\" data-id=\"0b8b1f9\" data-element_type=\"container\">\n\t\t\t\t\t<div class=\"e-con-inner\">\n\t\t\t\t<div class=\"elementor-element elementor-element-7a2eef9 elementor-widget elementor-widget-pix-sliding-text\" data-id=\"7a2eef9\" data-element_type=\"widget\" data-widget_type=\"pix-sliding-text.default\">\n\t\t\t\t<div class=\"elementor-widget-container\">\n\t\t\t\t\t<div id=\"el-7a2eef9\" class=\"mb-3 text-center\"><h1 class=\"mb-32 pix-sliding-headline-2 animate-in font-weight-bold body-font\" data-anim-type=\"pix-sliding-text\" pix-anim-delay=\"500\" data-class=\"body-font text-black\" style=\"\"><span class=\"slide-in-container\"><span class=\"pix-sliding-item body-font text-black\" style=\"transition-delay: 0ms;\">Where<\/span><\/span> <span class=\"slide-in-container\"><span class=\"pix-sliding-item body-font text-black\" style=\"transition-delay: 150ms;\">can<\/span><\/span> <span class=\"slide-in-container\"><span class=\"pix-sliding-item body-font text-black\" style=\"transition-delay: 300ms;\">you<\/span><\/span> <span class=\"slide-in-container\"><span class=\"pix-sliding-item body-font text-black\" style=\"transition-delay: 450ms;\">find us?<\/span><\/span> <\/h1><\/div>\t\t\t\t<\/div>\n\t\t\t\t<\/div>\n\t\t\t\t\t<\/div>\n\t\t\t\t<\/div>\n\t\t<div data-particle_enable=\"false\" data-particle-mobile-disabled=\"false\" class=\"elementor-element elementor-element-b694b05 e-con-full e-flex e-con e-parent\" data-id=\"b694b05\" data-element_type=\"container\">\n\t\t\t\t<div class=\"elementor-element elementor-element-590360a elementor-widget elementor-widget-google_maps\" data-id=\"590360a\" data-element_type=\"widget\" data-widget_type=\"google_maps.default\">\n\t\t\t\t\t\t\t<div class=\"elementor-custom-embed\">\n\t\t\t<iframe loading=\"lazy\"\n\t\t\t\t\tsrc=\"https:\/\/maps.google.com\/maps?q=Ul.%20Vladimira%20Nazora%20214%2C%2035257%2C%20Lu%C5%BEani%2C%20Croatia&#038;t=m&#038;z=10&#038;output=embed&#038;iwloc=near\"\n\t\t\t\t\ttitle=\"Ul. Vladimira Nazora 214, 35257, Lu\u017eani, Croatia\"\n\t\t\t\t\taria-label=\"Ul. Vladimira Nazora 214, 35257, Lu\u017eani, Croatia\"\n\t\t\t><\/iframe>\n\t\t<\/div>\n\t\t\t\t\t\t<\/div>\n\t\t\t\t<\/div>\n\t\t<div data-particle_enable=\"false\" data-particle-mobile-disabled=\"false\" class=\"elementor-element elementor-element-1e6a508 e-flex e-con-boxed e-con e-parent\" data-id=\"1e6a508\" data-element_type=\"container\">\n\t\t\t\t\t<div class=\"e-con-inner\">\n\t\t\t\t<div class=\"elementor-element elementor-element-d8b4e26 elementor-widget elementor-widget-pix-sliding-text\" data-id=\"d8b4e26\" data-element_type=\"widget\" data-widget_type=\"pix-sliding-text.default\">\n\t\t\t\t<div class=\"elementor-widget-container\">\n\t\t\t\t\t<div id=\"el-d8b4e26\" class=\"mb-3 text-center\"><h1 class=\"mb-32 pix-sliding-headline-2 animate-in font-weight-bold body-font\" data-anim-type=\"pix-sliding-text\" pix-anim-delay=\"500\" data-class=\"body-font text-black\" style=\"\"><span class=\"slide-in-container\"><span class=\"pix-sliding-item body-font text-black\" style=\"transition-delay: 0ms;\">Send<\/span><\/span> <span class=\"slide-in-container\"><span class=\"pix-sliding-item body-font text-black\" style=\"transition-delay: 150ms;\">inquiry<\/span><\/span> <\/h1><\/div>\t\t\t\t<\/div>\n\t\t\t\t<\/div>\n\t\t\t\t\t<\/div>\n\t\t\t\t<\/div>\n\t\t<div data-particle_enable=\"false\" data-particle-mobile-disabled=\"false\" class=\"elementor-element elementor-element-04bfa5a e-flex e-con-boxed e-con e-parent\" data-id=\"04bfa5a\" data-element_type=\"container\">\n\t\t\t\t\t<div class=\"e-con-inner\">\n\t\t\t\t<div class=\"elementor-element elementor-element-7d68aca elementor-widget elementor-widget-shortcode\" data-id=\"7d68aca\" data-element_type=\"widget\" data-widget_type=\"shortcode.default\">\n\t\t\t\t\t\t\t<div class=\"elementor-shortcode\">\n<div class=\"wpcf7 no-js\" id=\"wpcf7-f20937-o1\" lang=\"en\" dir=\"ltr\" data-wpcf7-id=\"20937\">\n<div class=\"screen-reader-response\"><p role=\"status\" aria-live=\"polite\" aria-atomic=\"true\"><\/p> <ul><\/ul><\/div>\n<form action=\"\/en\/wp-json\/wp\/v2\/pages\/3388#wpcf7-f20937-o1\" method=\"post\" class=\"wpcf7-form init\" aria-label=\"Contact form\" novalidate=\"novalidate\" data-status=\"init\" data-trp-original-action=\"\/en\/wp-json\/wp\/v2\/pages\/3388#wpcf7-f20937-o1\">\n<fieldset class=\"hidden-fields-container\"><input type=\"hidden\" name=\"_wpcf7\" value=\"20937\" \/><input type=\"hidden\" name=\"_wpcf7_version\" value=\"6.1.4\" \/><input type=\"hidden\" name=\"_wpcf7_locale\" value=\"en\" \/><input type=\"hidden\" name=\"_wpcf7_unit_tag\" value=\"wpcf7-f20937-o1\" \/><input type=\"hidden\" name=\"_wpcf7_container_post\" value=\"0\" \/><input type=\"hidden\" name=\"_wpcf7_posted_data_hash\" value=\"\" \/>\n<\/fieldset>\n<div class=\"pix-contact7-form\"><div class=\"kontakt-forma-wrap\">\n\t<div class=\"contact-container\"> \n\n<!-- Lijeva strana -->\n\t\t<div class=\"contact-info\">\n\t\t\t<h2 style=\"color: white;\">Contact\n\t\t\t<\/h2>\n\t\t\t<div class=\"info-item\" style=\"color: white;\">\n\t\t\t\t<p><i class=\"fas fa-location-dot\"><\/i>\ud83c\udfe0 <span>Slavonski Brod, Vladimira Nazora 214, 35250<\/span>\n\t\t\t\t<\/p>\n\t\t\t<\/div>\n\t\t\t<div class=\"info-item\" style=\"color: white;\">\n\t\t\t\t<p><i class=\"fas fa-phone\"><\/i>\ud83d\udcde <span> +385 91 339 4660<\/span>\n\t\t\t\t<\/p>\n\t\t\t<\/div>\n\t\t\t<div class=\"info-item\" style=\"color: white;\">\n\t\t\t\t<p><i class=\"fas fa-envelope\"><\/i> \u2709\ufe0f<span>autobullesbach1@gmail.com<\/span>\n\t\t\t\t<\/p>\n\t\t\t<\/div>\n\t\t<\/div> \n\n<!-- Desna strana -->\n\t\t<div class=\"contact-form\">\n\t\t\t<h3>Send us a message\n\t\t\t<\/h3>\n\t\t\t<div class=\"form-row\">\n\t\t\t\t<div class=\"form-group\">\n\t\t\t\t\t<p><label>Your Full Name *<\/label><span class=\"wpcf7-form-control-wrap\" data-name=\"ime\"><input size=\"40\" maxlength=\"400\" class=\"wpcf7-form-control wpcf7-text wpcf7-validates-as-required\" aria-required=\"true\" aria-invalid=\"false\" placeholder=\"Your Full Name\" value=\"\" type=\"text\" name=\"ime\" \/><\/span>\n\t\t\t\t\t<\/p>\n\t\t\t\t<\/div>\n\t\t\t\t<div class=\"form-group\">\n\t\t\t\t\t<p><label>Company *<\/label><span class=\"wpcf7-form-control-wrap\" data-name=\"kompanija\"><input size=\"40\" maxlength=\"400\" class=\"wpcf7-form-control wpcf7-text wpcf7-validates-as-required\" aria-required=\"true\" aria-invalid=\"false\" placeholder=\"Company name\" value=\"\" type=\"text\" name=\"kompanija\" \/><\/span>\n\t\t\t\t\t<\/p>\n\t\t\t\t<\/div>\n\t\t\t<\/div>\n\t\t\t<div class=\"form-row\">\n\t\t\t\t<div class=\"form-group\">\n\t\t\t\t\t<p><label>E-mail *<\/label><span class=\"wpcf7-form-control-wrap\" data-name=\"email\"><input size=\"40\" maxlength=\"400\" class=\"wpcf7-form-control wpcf7-email wpcf7-validates-as-required wpcf7-text wpcf7-validates-as-email\" aria-required=\"true\" aria-invalid=\"false\" placeholder=\"Your email address\" value=\"\" type=\"email\" name=\"email\" \/><\/span>\n\t\t\t\t\t<\/p>\n\t\t\t\t<\/div>\n\t\t\t\t<div class=\"form-group\">\n\t\t\t\t\t<p><label>Phone *<\/label><span class=\"wpcf7-form-control-wrap\" data-name=\"telefon\"><input size=\"40\" maxlength=\"400\" class=\"wpcf7-form-control wpcf7-tel wpcf7-validates-as-required wpcf7-text wpcf7-validates-as-tel\" aria-required=\"true\" aria-invalid=\"false\" placeholder=\"Your phone number\" value=\"\" type=\"tel\" name=\"telefon\" \/><\/span>\n\t\t\t\t\t<\/p>\n\t\t\t\t<\/div>\n\t\t\t<\/div>\n\t\t\t<div class=\"form-group\">\n\t\t\t\t<p><label>Message *<\/label><span class=\"wpcf7-form-control-wrap\" data-name=\"poruka\"><textarea cols=\"40\" rows=\"10\" maxlength=\"2000\" class=\"wpcf7-form-control wpcf7-textarea wpcf7-validates-as-required\" aria-required=\"true\" aria-invalid=\"false\" placeholder=\"Enter your message\" name=\"poruka\"><\/textarea><\/span>\n\t\t\t\t<\/p>\n\t\t\t<\/div>\n\t\t\t<p><input class=\"wpcf7-form-control wpcf7-submit has-spinner submit-btn\" type=\"submit\" value=\"Send us a message\" \/>\n\t\t\t<\/p>\n\t\t<\/div>\n\t<\/div>\n<\/div><\/div><div class=\"wpcf7-response-output\" aria-hidden=\"true\"><\/div>\n<input type=\"hidden\" name=\"trp-form-language\" value=\"en\"\/><\/form>\n<\/div>\n<\/div>\n\t\t\t\t\t\t<\/div>\n\t\t\t\t\t<\/div>\n\t\t\t\t<\/div>\n\t\t<div data-particle_enable=\"false\" data-particle-mobile-disabled=\"false\" class=\"elementor-element elementor-element-c3a6d80 e-flex e-con-boxed e-con e-parent\" data-id=\"c3a6d80\" data-element_type=\"container\">\n\t\t\t\t\t<div class=\"e-con-inner\">\n\t\t\t\t<div class=\"elementor-element elementor-element-77af56a elementor-widget elementor-widget-pix-sliding-text\" data-id=\"77af56a\" data-element_type=\"widget\" data-widget_type=\"pix-sliding-text.default\">\n\t\t\t\t<div class=\"elementor-widget-container\">\n\t\t\t\t\t<div id=\"el-77af56a\" class=\"mb-3 text-center\"><h1 class=\"mb-32 pix-sliding-headline-2 animate-in font-weight-bold body-font\" data-anim-type=\"pix-sliding-text\" pix-anim-delay=\"500\" data-class=\"body-font text-black\" style=\"\"><span class=\"slide-in-container\"><span class=\"pix-sliding-item body-font text-black\" style=\"transition-delay: 0ms;\">DISCOVER<\/span><\/span> <span class=\"slide-in-container\"><span class=\"pix-sliding-item body-font text-black\" style=\"transition-delay: 150ms;\">COSTS<\/span><\/span> <span class=\"slide-in-container\"><span class=\"pix-sliding-item body-font text-black\" style=\"transition-delay: 300ms;\">OF TRANSPORT<\/span><\/span> <\/h1><\/div>\t\t\t\t<\/div>\n\t\t\t\t<\/div>\n\t\t\t\t\t<\/div>\n\t\t\t\t<\/div>\n\t\t\t\t<section data-particle_enable=\"false\" data-particle-mobile-disabled=\"false\" class=\"elementor-section elementor-top-section elementor-element elementor-element-16373221 elementor-section-boxed elementor-section-height-default elementor-section-height-default\" data-id=\"16373221\" data-element_type=\"section\">\n\t\t\t\t\t\t<div class=\"elementor-container elementor-column-gap-default\">\n\t\t\t\t\t<div class=\"elementor-column elementor-col-100 elementor-top-column elementor-element elementor-element-2d4097d3\" data-id=\"2d4097d3\" data-element_type=\"column\">\n\t\t\t<div class=\"elementor-widget-wrap elementor-element-populated\">\n\t\t\t\t\t\t<div class=\"elementor-element elementor-element-4dbc110 elementor-widget elementor-widget-shortcode\" data-id=\"4dbc110\" data-element_type=\"widget\" data-widget_type=\"shortcode.default\">\n\t\t\t\t\t\t\t<div class=\"elementor-shortcode\">\n<div class=\"wpcf7 no-js\" id=\"wpcf7-f21190-o2\" lang=\"en\" dir=\"ltr\" data-wpcf7-id=\"21190\">\n<div class=\"screen-reader-response\"><p role=\"status\" aria-live=\"polite\" aria-atomic=\"true\"><\/p> <ul><\/ul><\/div>\n<form action=\"\/en\/wp-json\/wp\/v2\/pages\/3388#wpcf7-f21190-o2\" method=\"post\" class=\"wpcf7-form init\" aria-label=\"Contact form\" novalidate=\"novalidate\" data-status=\"init\" data-trp-original-action=\"\/en\/wp-json\/wp\/v2\/pages\/3388#wpcf7-f21190-o2\">\n<fieldset class=\"hidden-fields-container\"><input type=\"hidden\" name=\"_wpcf7\" value=\"21190\" \/><input type=\"hidden\" name=\"_wpcf7_version\" value=\"6.1.4\" \/><input type=\"hidden\" name=\"_wpcf7_locale\" value=\"en\" \/><input type=\"hidden\" name=\"_wpcf7_unit_tag\" value=\"wpcf7-f21190-o2\" \/><input type=\"hidden\" name=\"_wpcf7_container_post\" value=\"0\" \/><input type=\"hidden\" name=\"_wpcf7_posted_data_hash\" value=\"\" \/>\n<\/fieldset>\n<div class=\"pix-contact7-form\"><div class=\"transport-form-container\">\n\t<div class=\"transport-form\">\n\n <!-- OSOBNI PODACI -->\n\t\t<div class=\"form-section\">\n\t\t\t<h1 class=\"section-title\">PERSONAL DATA\n\t\t\t<\/h1>\n\t\t\t<div class=\"form-row\">\n\t\t\t\t<div class=\"form-group\">\n\t\t\t\t\t<p><label>Your Full Name<\/label><br \/>\n<span class=\"wpcf7-form-control-wrap\" data-name=\"ime\"><input size=\"40\" maxlength=\"400\" class=\"wpcf7-form-control wpcf7-text wpcf7-validates-as-required\" aria-required=\"true\" aria-invalid=\"false\" placeholder=\"Enter your full name\" value=\"\" type=\"text\" name=\"ime\" \/><\/span>\n\t\t\t\t\t<\/p>\n\t\t\t\t<\/div>\n\t\t\t\t<div class=\"form-group\">\n\t\t\t\t\t<p><label>Company name<\/label><br \/>\n<span class=\"wpcf7-form-control-wrap\" data-name=\"firma\"><input size=\"40\" maxlength=\"400\" class=\"wpcf7-form-control wpcf7-text wpcf7-validates-as-required\" aria-required=\"true\" aria-invalid=\"false\" placeholder=\"Enter your company name\" value=\"\" type=\"text\" name=\"firma\" \/><\/span>\n\t\t\t\t\t<\/p>\n\t\t\t\t<\/div>\n\t\t\t<\/div>\n\t\t\t<div class=\"form-row\">\n\t\t\t\t<div class=\"form-group\">\n\t\t\t\t\t<p><label>Your email<\/label><br \/>\n<span class=\"wpcf7-form-control-wrap\" data-name=\"email\"><input size=\"40\" maxlength=\"400\" class=\"wpcf7-form-control wpcf7-email wpcf7-validates-as-required wpcf7-text wpcf7-validates-as-email\" aria-required=\"true\" aria-invalid=\"false\" placeholder=\"Enter your email address\" value=\"\" type=\"email\" name=\"email\" \/><\/span>\n\t\t\t\t\t<\/p>\n\t\t\t\t<\/div>\n\t\t\t\t<div class=\"form-group\">\n\t\t\t\t\t<p><label>Phone number<\/label><br \/>\n<span class=\"wpcf7-form-control-wrap\" data-name=\"telefon\"><input size=\"40\" maxlength=\"400\" class=\"wpcf7-form-control wpcf7-tel wpcf7-validates-as-required wpcf7-text wpcf7-validates-as-tel\" aria-required=\"true\" aria-invalid=\"false\" placeholder=\"Enter your phone number\" value=\"\" type=\"tel\" name=\"telefon\" \/><\/span>\n\t\t\t\t\t<\/p>\n\t\t\t\t<\/div>\n\t\t\t<\/div>\n\t\t<\/div>\n \n <!-- VRSTA USLUGE -->\n\t\t<div class=\"form-section\">\n\t\t\t<h2 class=\"section-title\">TYPE OF SERVICE\n\t\t\t<\/h2>\n\t\t\t<div class=\"service-grid\">\n\t\t\t\t<div class=\"grid-header\">\n\t\t\t\t\t<p>Type of transport\n\t\t\t\t\t<\/p>\n\t\t\t\t<\/div>\n\t\t\t\t<div class=\"grid-header\">\n\t\t\t\t\t<p>Type of cargo\n\t\t\t\t\t<\/p>\n\t\t\t\t<\/div>\n\t\t\t\t<div class=\"grid-header\">\n\t\t\t\t\t<p>Departure\n\t\t\t\t\t<\/p>\n\t\t\t\t<\/div>\n\t\t\t\t<div class=\"grid-header\">\n\t\t\t\t\t<p>Destination\n\t\t\t\t\t<\/p>\n\t\t\t\t<\/div>\n\t\t\t\t<div class=\"grid-cell\" data-label=\"Vrsta transporta\">\n\t\t\t\t\t<p><span class=\"wpcf7-form-control-wrap\" data-name=\"vrsta-transporta\"><input size=\"40\" maxlength=\"400\" class=\"wpcf7-form-control wpcf7-text wpcf7-validates-as-required\" aria-required=\"true\" aria-invalid=\"false\" placeholder=\"Enter the type of transport\" value=\"\" type=\"text\" name=\"vrsta-transporta\" \/><\/span>\n\t\t\t\t\t<\/p>\n\t\t\t\t<\/div>\n\t\t\t\t<div class=\"grid-cell\" data-label=\"Vrsta tereta\">\n\t\t\t\t\t<p><span class=\"wpcf7-form-control-wrap\" data-name=\"vrsta-tereta\"><input size=\"40\" maxlength=\"400\" class=\"wpcf7-form-control wpcf7-text wpcf7-validates-as-required\" aria-required=\"true\" aria-invalid=\"false\" placeholder=\"E.g. heavy machinery, construction materials...\" value=\"\" type=\"text\" name=\"vrsta-tereta\" \/><\/span>\n\t\t\t\t\t<\/p>\n\t\t\t\t<\/div>\n\t\t\t\t<div class=\"grid-cell\" data-label=\"Polazak\">\n\t\t\t\t\t<p><span class=\"wpcf7-form-control-wrap\" data-name=\"polazak\"><input size=\"40\" maxlength=\"400\" class=\"wpcf7-form-control wpcf7-text wpcf7-validates-as-required\" aria-required=\"true\" aria-invalid=\"false\" placeholder=\"City, postal code...\" value=\"\" type=\"text\" name=\"polazak\" \/><\/span>\n\t\t\t\t\t<\/p>\n\t\t\t\t<\/div>\n\t\t\t\t<div class=\"grid-cell\" data-label=\"Odredi\u0161te\">\n\t\t\t\t\t<p><span class=\"wpcf7-form-control-wrap\" data-name=\"odrediste\"><input size=\"40\" maxlength=\"400\" class=\"wpcf7-form-control wpcf7-text wpcf7-validates-as-required\" aria-required=\"true\" aria-invalid=\"false\" placeholder=\"City, postal code...\" value=\"\" type=\"text\" name=\"odrediste\" \/><\/span>\n\t\t\t\t\t<\/p>\n\t\t\t\t<\/div>\n\t\t\t<\/div>\n\t\t\t<div class=\"service-grid\">\n\t\t\t\t<div class=\"grid-header\">\n\t\t\t\t\t<p>Length\n\t\t\t\t\t<\/p>\n\t\t\t\t<\/div>\n\t\t\t\t<div class=\"grid-header\">\n\t\t\t\t\t<p>Width\n\t\t\t\t\t<\/p>\n\t\t\t\t<\/div>\n\t\t\t\t<div class=\"grid-header\">\n\t\t\t\t\t<p>Height\n\t\t\t\t\t<\/p>\n\t\t\t\t<\/div>\n\t\t\t\t<div class=\"grid-header\">\n\t\t\t\t\t<p>Weight\n\t\t\t\t\t<\/p>\n\t\t\t\t<\/div>\n\t\t\t\t<div class=\"grid-cell\" data-label=\"Du\u017eina (m)\">\n\t\t\t\t\t<p><span class=\"wpcf7-form-control-wrap\" data-name=\"duzina\"><input size=\"40\" maxlength=\"400\" class=\"wpcf7-form-control wpcf7-text wpcf7-validates-as-required\" aria-required=\"true\" aria-invalid=\"false\" placeholder=\"Enter length\" value=\"\" type=\"text\" name=\"duzina\" \/><\/span>\n\t\t\t\t\t<\/p>\n\t\t\t\t<\/div>\n\t\t\t\t<div class=\"grid-cell\" data-label=\"\u0160irina (m)\">\n\t\t\t\t\t<p><span class=\"wpcf7-form-control-wrap\" data-name=\"sirina\"><input size=\"40\" maxlength=\"400\" class=\"wpcf7-form-control wpcf7-text wpcf7-validates-as-required\" aria-required=\"true\" aria-invalid=\"false\" placeholder=\"Enter width\" value=\"\" type=\"text\" name=\"sirina\" \/><\/span>\n\t\t\t\t\t<\/p>\n\t\t\t\t<\/div>\n\t\t\t\t<div class=\"grid-cell\" data-label=\"Visina (m)\">\n\t\t\t\t\t<p><span class=\"wpcf7-form-control-wrap\" data-name=\"visina\"><input size=\"40\" maxlength=\"400\" class=\"wpcf7-form-control wpcf7-text wpcf7-validates-as-required\" aria-required=\"true\" aria-invalid=\"false\" placeholder=\"Enter height\" value=\"\" type=\"text\" name=\"visina\" \/><\/span>\n\t\t\t\t\t<\/p>\n\t\t\t\t<\/div>\n\t\t\t\t<div class=\"grid-cell\" data-label=\"Te\u017eina (kg)\">\n\t\t\t\t\t<p><span class=\"wpcf7-form-control-wrap\" data-name=\"tezina\"><input size=\"40\" maxlength=\"400\" class=\"wpcf7-form-control wpcf7-text wpcf7-validates-as-required\" aria-required=\"true\" aria-invalid=\"false\" placeholder=\"Enter weight\" value=\"\" type=\"text\" name=\"tezina\" \/><\/span>\n\t\t\t\t\t<\/p>\n\t\t\t\t<\/div>\n\t\t\t<\/div>\n\t\t<\/div>\n \n <!-- SUBMIT BUTTON -->\n\t\t<p><input class=\"wpcf7-form-control wpcf7-submit has-spinner\" type=\"submit\" value=\"Send a request for a quote\" \/>\n\t\t<\/p>\n\t<\/div>\n<\/div><\/div><div class=\"wpcf7-response-output\" aria-hidden=\"true\"><\/div>\n<input type=\"hidden\" name=\"trp-form-language\" value=\"en\"\/><\/form>\n<\/div>\n<\/div>\n\t\t\t\t\t\t<\/div>\n\t\t\t\t\t<\/div>\n\t\t<\/div>\n\t\t\t\t\t<\/div>\n\t\t<\/section>\n\t\t\t\t<\/div>","protected":false},"excerpt":{"rendered":"<p>Gdje&#32; nas&#32; mo\u017eete&#32; prona\u0107i&#32; Po\u0161alji&#32; upit&#32; SAZNAJTE&#32; TRO\u0160KOVE&#32; TRANSPORTA&#32;<\/p>","protected":false},"author":1,"featured_media":0,"parent":0,"menu_order":0,"comment_status":"closed","ping_status":"closed","template":"","meta":{"slim_seo":{"title":"KONTAKT - X-Optimist","description":"Gdje&#32; nas&#32; mo\u017eete&#32; prona\u0107i&#32; Po\u0161alji&#32; upit&#32; SAZNAJTE&#32; TRO\u0160KOVE&#32; TRANSPORTA&#32;"},"footnotes":""},"class_list":["post-3388","page","type-page","status-publish","hentry"],"_links":{"self":[{"href":"https:\/\/www.autobullesbach.com\/en\/wp-json\/wp\/v2\/pages\/3388","targetHints":{"allow":["GET"]}}],"collection":[{"href":"https:\/\/www.autobullesbach.com\/en\/wp-json\/wp\/v2\/pages"}],"about":[{"href":"https:\/\/www.autobullesbach.com\/en\/wp-json\/wp\/v2\/types\/page"}],"author":[{"embeddable":true,"href":"https:\/\/www.autobullesbach.com\/en\/wp-json\/wp\/v2\/users\/1"}],"replies":[{"embeddable":true,"href":"https:\/\/www.autobullesbach.com\/en\/wp-json\/wp\/v2\/comments?post=3388"}],"version-history":[{"count":0,"href":"https:\/\/www.autobullesbach.com\/en\/wp-json\/wp\/v2\/pages\/3388\/revisions"}],"wp:attachment":[{"href":"https:\/\/www.autobullesbach.com\/en\/wp-json\/wp\/v2\/media?parent=3388"}],"curies":[{"name":"wp","href":"https:\/\/api.w.org\/{rel}","templated":true}]}}